{"id":5056,"date":"2021-02-18T09:54:11","date_gmt":"2021-02-18T08:54:11","guid":{"rendered":"https:\/\/dalmaumorros.com\/contacto\/"},"modified":"2025-10-22T13:49:37","modified_gmt":"2025-10-22T11:49:37","slug":"contacto","status":"publish","type":"page","link":"https:\/\/dalmaumorros.com\/es\/contacto\/","title":{"rendered":"Contacto"},"content":{"rendered":"\t\t<div data-elementor-type=\"wp-page\" data-elementor-id=\"5056\" class=\"elementor elementor-5056 elementor-21\" data-elementor-post-type=\"page\">\n\t\t\t\t\t\t<section class=\"elementor-section elementor-top-section elementor-element elementor-element-cc51ad7 elementor-section-full_width elementor-section-height-default elementor-section-height-default\" data-id=\"cc51ad7\" data-element_type=\"section\">\n\t\t\t\t\t\t<div class=\"elementor-container elementor-column-gap-wider\">\n\t\t\t\t\t<div class=\"elementor-column elementor-col-100 elementor-top-column elementor-element elementor-element-bade47b\" data-id=\"bade47b\" data-element_type=\"column\">\n\t\t\t<div class=\"elementor-widget-wrap elementor-element-populated\">\n\t\t\t\t\t\t<div class=\"elementor-element elementor-element-5e8c969 elementor-widget elementor-widget-text-editor\" data-id=\"5e8c969\" data-element_type=\"widget\" data-widget_type=\"text-editor.default\">\n\t\t\t\t<div class=\"elementor-widget-container\">\n\t\t\t\t\t\t\t\t\t<p>DALMAU + MORROS T\u00c9CNICOS SLP<br \/>Carrer Cop\u00e8rnic 9 local 7a<br \/>08021 Barcelona<br \/>Tel +34 932 099 297<br \/>dm@dalmaumorros.com<\/p>\t\t\t\t\t\t\t\t<\/div>\n\t\t\t\t<\/div>\n\t\t\t\t<div class=\"elementor-element elementor-element-3c2d078 elementor-widget elementor-widget-text-editor\" data-id=\"3c2d078\" data-element_type=\"widget\" data-widget_type=\"text-editor.default\">\n\t\t\t\t<div class=\"elementor-widget-container\">\n\t\t\t\t\t\t\t\t\t<p>S\u00edguenos en:<br><span style=\"color: #ffffff;\"><a style=\"color: #ffffff;\" href=\"https:\/\/www.instagram.com\/dmtecnics\/\" target=\"_blank\" rel=\"noopener\">Instagram<\/a><\/span><br><span style=\"color: #ffffff;\"><a style=\"color: #ffffff;\" href=\"https:\/\/www.facebook.com\/DALMAU-MORROS-TECNICS-89632419424\" target=\"_blank\" rel=\"noopener\">Facebook<\/a><\/span><br><span style=\"color: #ffffff;\"><a style=\"color: #ffffff;\" href=\"https:\/\/www.linkedin.com\/in\/dalmau-morros-t%C3%A8cnics-91144035\/\" target=\"_blank\" rel=\"noopener\">Linkedin<\/a><\/span><\/p>\t\t\t\t\t\t\t\t<\/div>\n\t\t\t\t<\/div>\n\t\t\t\t<div class=\"elementor-element elementor-element-1fe95fb elementor-widget elementor-widget-spacer\" data-id=\"1fe95fb\" data-element_type=\"widget\" data-widget_type=\"spacer.default\">\n\t\t\t\t<div class=\"elementor-widget-container\">\n\t\t\t\t\t\t\t<div class=\"elementor-spacer\">\n\t\t\t<div class=\"elementor-spacer-inner\"><\/div>\n\t\t<\/div>\n\t\t\t\t\t\t<\/div>\n\t\t\t\t<\/div>\n\t\t\t\t\t<\/div>\n\t\t<\/div>\n\t\t\t\t\t<\/div>\n\t\t<\/section>\n\t\t\t\t<\/div>\n\t\t","protected":false},"excerpt":{"rendered":"<p>DALMAU + MORROS T\u00c9CNICOS SLPCarrer Cop\u00e8rnic 9 local 7a08021 BarcelonaTel +34 932 099 297dm@dalmaumorros.com S\u00edguenos en:InstagramFacebookLinkedin<\/p>\n","protected":false},"author":1,"featured_media":0,"parent":0,"menu_order":0,"comment_status":"closed","ping_status":"closed","template":"elementor_header_footer","meta":{"_acf_changed":false,"footnotes":""},"class_list":["post-5056","page","type-page","status-publish","hentry"],"acf":[],"yoast_head":"<!-- This site is optimized with the Yoast SEO plugin v26.8 - https:\/\/yoast.com\/product\/yoast-seo-wordpress\/ -->\n<title>Contacto - Dalmau Morros<\/title>\n<meta name=\"robots\" content=\"index, follow, max-snippet:-1, max-image-preview:large, max-video-preview:-1\" \/>\n<link rel=\"canonical\" href=\"https:\/\/dalmaumorros.com\/es\/contacto\/\" \/>\n<meta property=\"og:locale\" content=\"es_ES\" \/>\n<meta property=\"og:type\" content=\"article\" \/>\n<meta property=\"og:title\" content=\"Contacto - Dalmau Morros\" \/>\n<meta property=\"og:description\" content=\"DALMAU + MORROS T\u00c9CNICOS SLPCarrer Cop\u00e8rnic 9 local 7a08021 BarcelonaTel +34 932 099 297dm@dalmaumorros.com S\u00edguenos en:InstagramFacebookLinkedin\" \/>\n<meta property=\"og:url\" content=\"https:\/\/dalmaumorros.com\/es\/contacto\/\" \/>\n<meta property=\"og:site_name\" content=\"Dalmau Morros\" \/>\n<meta property=\"article:publisher\" content=\"https:\/\/www.facebook.com\/DALMAU-MORROS-TECNICS-89632419424\" \/>\n<meta property=\"article:modified_time\" content=\"2025-10-22T11:49:37+00:00\" \/>\n<meta property=\"og:image\" content=\"https:\/\/dalmaumorros.com\/wp-content\/uploads\/DM.LOGONEGRO-1.png\" \/>\n\t<meta property=\"og:image:width\" content=\"211\" \/>\n\t<meta property=\"og:image:height\" content=\"80\" \/>\n\t<meta property=\"og:image:type\" content=\"image\/png\" \/>\n<meta name=\"twitter:card\" content=\"summary_large_image\" \/>\n<meta name=\"twitter:label1\" content=\"Tiempo de lectura\" \/>\n\t<meta name=\"twitter:data1\" content=\"1 minuto\" \/>\n<script type=\"application\/ld+json\" class=\"yoast-schema-graph\">{\"@context\":\"https:\/\/schema.org\",\"@graph\":[{\"@type\":\"WebPage\",\"@id\":\"https:\/\/dalmaumorros.com\/es\/contacto\/\",\"url\":\"https:\/\/dalmaumorros.com\/es\/contacto\/\",\"name\":\"Contacto - Dalmau Morros\",\"isPartOf\":{\"@id\":\"https:\/\/dalmaumorros.com\/es\/#website\"},\"datePublished\":\"2021-02-18T08:54:11+00:00\",\"dateModified\":\"2025-10-22T11:49:37+00:00\",\"breadcrumb\":{\"@id\":\"https:\/\/dalmaumorros.com\/es\/contacto\/#breadcrumb\"},\"inLanguage\":\"es\",\"potentialAction\":[{\"@type\":\"ReadAction\",\"target\":[\"https:\/\/dalmaumorros.com\/es\/contacto\/\"]}]},{\"@type\":\"BreadcrumbList\",\"@id\":\"https:\/\/dalmaumorros.com\/es\/contacto\/#breadcrumb\",\"itemListElement\":[{\"@type\":\"ListItem\",\"position\":1,\"name\":\"Inici\",\"item\":\"https:\/\/dalmaumorros.com\/es\/\"},{\"@type\":\"ListItem\",\"position\":2,\"name\":\"Contacto\"}]},{\"@type\":\"WebSite\",\"@id\":\"https:\/\/dalmaumorros.com\/es\/#website\",\"url\":\"https:\/\/dalmaumorros.com\/es\/\",\"name\":\"Dalmau Morros\",\"description\":\"Gesti\u00f3n y direcci\u00f3n de obras\",\"publisher\":{\"@id\":\"https:\/\/dalmaumorros.com\/es\/#organization\"},\"potentialAction\":[{\"@type\":\"SearchAction\",\"target\":{\"@type\":\"EntryPoint\",\"urlTemplate\":\"https:\/\/dalmaumorros.com\/es\/?s={search_term_string}\"},\"query-input\":{\"@type\":\"PropertyValueSpecification\",\"valueRequired\":true,\"valueName\":\"search_term_string\"}}],\"inLanguage\":\"es\"},{\"@type\":\"Organization\",\"@id\":\"https:\/\/dalmaumorros.com\/es\/#organization\",\"name\":\"Dalmau Morros T\u00e8cnics\",\"url\":\"https:\/\/dalmaumorros.com\/es\/\",\"logo\":{\"@type\":\"ImageObject\",\"inLanguage\":\"es\",\"@id\":\"https:\/\/dalmaumorros.com\/es\/#\/schema\/logo\/image\/\",\"url\":\"https:\/\/dalmaumorros.com\/wp-content\/uploads\/DM.LOGONEGRO-1.png\",\"contentUrl\":\"https:\/\/dalmaumorros.com\/wp-content\/uploads\/DM.LOGONEGRO-1.png\",\"width\":211,\"height\":80,\"caption\":\"Dalmau Morros T\u00e8cnics\"},\"image\":{\"@id\":\"https:\/\/dalmaumorros.com\/es\/#\/schema\/logo\/image\/\"},\"sameAs\":[\"https:\/\/www.facebook.com\/DALMAU-MORROS-TECNICS-89632419424\",\"https:\/\/www.instagram.com\/dmtecnics\/\"]}]}<\/script>\n<!-- \/ Yoast SEO plugin. -->","yoast_head_json":{"title":"Contacto - Dalmau Morros","robots":{"index":"index","follow":"follow","max-snippet":"max-snippet:-1","max-image-preview":"max-image-preview:large","max-video-preview":"max-video-preview:-1"},"canonical":"https:\/\/dalmaumorros.com\/es\/contacto\/","og_locale":"es_ES","og_type":"article","og_title":"Contacto - Dalmau Morros","og_description":"DALMAU + MORROS T\u00c9CNICOS SLPCarrer Cop\u00e8rnic 9 local 7a08021 BarcelonaTel +34 932 099 297dm@dalmaumorros.com S\u00edguenos en:InstagramFacebookLinkedin","og_url":"https:\/\/dalmaumorros.com\/es\/contacto\/","og_site_name":"Dalmau Morros","article_publisher":"https:\/\/www.facebook.com\/DALMAU-MORROS-TECNICS-89632419424","article_modified_time":"2025-10-22T11:49:37+00:00","og_image":[{"width":211,"height":80,"url":"https:\/\/dalmaumorros.com\/wp-content\/uploads\/DM.LOGONEGRO-1.png","type":"image\/png"}],"twitter_card":"summary_large_image","twitter_misc":{"Tiempo de lectura":"1 minuto"},"schema":{"@context":"https:\/\/schema.org","@graph":[{"@type":"WebPage","@id":"https:\/\/dalmaumorros.com\/es\/contacto\/","url":"https:\/\/dalmaumorros.com\/es\/contacto\/","name":"Contacto - Dalmau Morros","isPartOf":{"@id":"https:\/\/dalmaumorros.com\/es\/#website"},"datePublished":"2021-02-18T08:54:11+00:00","dateModified":"2025-10-22T11:49:37+00:00","breadcrumb":{"@id":"https:\/\/dalmaumorros.com\/es\/contacto\/#breadcrumb"},"inLanguage":"es","potentialAction":[{"@type":"ReadAction","target":["https:\/\/dalmaumorros.com\/es\/contacto\/"]}]},{"@type":"BreadcrumbList","@id":"https:\/\/dalmaumorros.com\/es\/contacto\/#breadcrumb","itemListElement":[{"@type":"ListItem","position":1,"name":"Inici","item":"https:\/\/dalmaumorros.com\/es\/"},{"@type":"ListItem","position":2,"name":"Contacto"}]},{"@type":"WebSite","@id":"https:\/\/dalmaumorros.com\/es\/#website","url":"https:\/\/dalmaumorros.com\/es\/","name":"Dalmau Morros","description":"Gesti\u00f3n y direcci\u00f3n de obras","publisher":{"@id":"https:\/\/dalmaumorros.com\/es\/#organization"},"potentialAction":[{"@type":"SearchAction","target":{"@type":"EntryPoint","urlTemplate":"https:\/\/dalmaumorros.com\/es\/?s={search_term_string}"},"query-input":{"@type":"PropertyValueSpecification","valueRequired":true,"valueName":"search_term_string"}}],"inLanguage":"es"},{"@type":"Organization","@id":"https:\/\/dalmaumorros.com\/es\/#organization","name":"Dalmau Morros T\u00e8cnics","url":"https:\/\/dalmaumorros.com\/es\/","logo":{"@type":"ImageObject","inLanguage":"es","@id":"https:\/\/dalmaumorros.com\/es\/#\/schema\/logo\/image\/","url":"https:\/\/dalmaumorros.com\/wp-content\/uploads\/DM.LOGONEGRO-1.png","contentUrl":"https:\/\/dalmaumorros.com\/wp-content\/uploads\/DM.LOGONEGRO-1.png","width":211,"height":80,"caption":"Dalmau Morros T\u00e8cnics"},"image":{"@id":"https:\/\/dalmaumorros.com\/es\/#\/schema\/logo\/image\/"},"sameAs":["https:\/\/www.facebook.com\/DALMAU-MORROS-TECNICS-89632419424","https:\/\/www.instagram.com\/dmtecnics\/"]}]}},"_links":{"self":[{"href":"https:\/\/dalmaumorros.com\/es\/wp-json\/wp\/v2\/pages\/5056","targetHints":{"allow":["GET"]}}],"collection":[{"href":"https:\/\/dalmaumorros.com\/es\/wp-json\/wp\/v2\/pages"}],"about":[{"href":"https:\/\/dalmaumorros.com\/es\/wp-json\/wp\/v2\/types\/page"}],"author":[{"embeddable":true,"href":"https:\/\/dalmaumorros.com\/es\/wp-json\/wp\/v2\/users\/1"}],"replies":[{"embeddable":true,"href":"https:\/\/dalmaumorros.com\/es\/wp-json\/wp\/v2\/comments?post=5056"}],"version-history":[{"count":5,"href":"https:\/\/dalmaumorros.com\/es\/wp-json\/wp\/v2\/pages\/5056\/revisions"}],"predecessor-version":[{"id":7264,"href":"https:\/\/dalmaumorros.com\/es\/wp-json\/wp\/v2\/pages\/5056\/revisions\/7264"}],"wp:attachment":[{"href":"https:\/\/dalmaumorros.com\/es\/wp-json\/wp\/v2\/media?parent=5056"}],"curies":[{"name":"wp","href":"https:\/\/api.w.org\/{rel}","templated":true}]}}