{"id":3973,"date":"2021-06-29T15:44:35","date_gmt":"2021-06-29T13:44:35","guid":{"rendered":"https:\/\/dalmaumorros.com\/aviso-legal\/"},"modified":"2025-10-22T13:30:10","modified_gmt":"2025-10-22T11:30:10","slug":"aviso-legal","status":"publish","type":"page","link":"https:\/\/dalmaumorros.com\/es\/aviso-legal\/","title":{"rendered":"Aviso Legal"},"content":{"rendered":"\t\t<div data-elementor-type=\"wp-page\" data-elementor-id=\"3973\" class=\"elementor elementor-3973 elementor-3415\" data-elementor-post-type=\"page\">\n\t\t\t\t\t\t<section class=\"elementor-section elementor-top-section elementor-element elementor-element-ff9d8f6 elementor-section-boxed elementor-section-height-default elementor-section-height-default\" data-id=\"ff9d8f6\" data-element_type=\"section\">\n\t\t\t\t\t\t<div class=\"elementor-container elementor-column-gap-default\">\n\t\t\t\t\t<div class=\"elementor-column elementor-col-100 elementor-top-column elementor-element elementor-element-b4c1e6b\" data-id=\"b4c1e6b\" data-element_type=\"column\">\n\t\t\t<div class=\"elementor-widget-wrap elementor-element-populated\">\n\t\t\t\t\t\t<div class=\"elementor-element elementor-element-fe0ad0b elementor-widget elementor-widget-spacer\" data-id=\"fe0ad0b\" data-element_type=\"widget\" data-widget_type=\"spacer.default\">\n\t\t\t\t<div class=\"elementor-widget-container\">\n\t\t\t\t\t\t\t<div class=\"elementor-spacer\">\n\t\t\t<div class=\"elementor-spacer-inner\"><\/div>\n\t\t<\/div>\n\t\t\t\t\t\t<\/div>\n\t\t\t\t<\/div>\n\t\t\t\t\t<\/div>\n\t\t<\/div>\n\t\t\t\t\t<\/div>\n\t\t<\/section>\n\t\t\t\t<section class=\"elementor-section elementor-top-section elementor-element elementor-element-1ab39a67 elementor-section-boxed elementor-section-height-default elementor-section-height-default\" data-id=\"1ab39a67\" data-element_type=\"section\">\n\t\t\t\t\t\t<div class=\"elementor-container elementor-column-gap-default\">\n\t\t\t\t\t<div class=\"elementor-column elementor-col-100 elementor-top-column elementor-element elementor-element-74d5e740\" data-id=\"74d5e740\" data-element_type=\"column\">\n\t\t\t<div class=\"elementor-widget-wrap elementor-element-populated\">\n\t\t\t\t\t\t<div class=\"elementor-element elementor-element-5b870f68 elementor-widget elementor-widget-text-editor\" data-id=\"5b870f68\" data-element_type=\"widget\" data-widget_type=\"text-editor.default\">\n\t\t\t\t<div class=\"elementor-widget-container\">\n\t\t\t\t\t\t\t\t\t<h2>Identificaci\u00f3n y Titularidad<\/h2><p>En cumplimiento del art\u00edculo 10 de la Ley 34\/2002, de 11 de julio, de Servicios de la Sociedad de la Informaci\u00f3n y Comercio Electr\u00f3nico, el Titular expone sus datos identificativos.<\/p><ul><li>Titular: <strong>DALMAU MORROS T\u00c8CNICS, SLP<\/strong><\/li><li>NIF : B64443559<\/li><li>Inscrita en el registro mercantil de BARCELONA.al tomo T 39288, Folio 17, Hoja B 344359<\/li><li>Domicilio: Carrer Cop\u00e8rnic 9 local 7a &#8211; Barcelona 08021<\/li><li>Correo electr\u00f3nico: <a href=\"mailto:dm@dalmaumorros.com\">dm@dalmaumorros.com<\/a><\/li><li>Sitio Web: <a href=\"https:\/\/dalmaumorros.com\/\">https:\/\/dalmaumorros.com\/<\/a><\/li><\/ul><h2>Finalidad<\/h2><p>La finalidad del sitio Web <a href=\"https:\/\/dalmaumorros.com\/\">https:\/\/dalmaumorros.com\/<\/a> es la prestaci\u00f3n de proyectos de arquitectura t\u00e9cnica.<\/p><div class=\"yj6qo ajU\">\u00a0<\/div><p><strong>Condiciones de Uso<\/strong><\/p><p>La utilizaci\u00f3n del sitio Web te otorga la condici\u00f3n de Usuario, e implica la aceptaci\u00f3n completa de todas las cl\u00e1usulas y condiciones de uso incluidas en las p\u00e1ginas:<\/p><ul><li>Aviso Legal<\/li><li>Pol\u00edtica de Privacidad<\/li><li>Politica de Coolies<\/li><\/ul><p>Si no est\u00e1s conforme con todas y cada una de estas cl\u00e1usulas y condiciones te abstendr\u00e1s de utilizar este sitio Web.<br \/>El acceso a este sitio Web no supone, en modo alguno, el inicio de una relaci\u00f3n comercial con <strong>DALMAU MORROS T\u00c8CNICS, SLP<\/strong> A trav\u00e9s de este sitio Web, el Titular te facilita el acceso y la utilizaci\u00f3n de diversos contenidos que el Titular o sus colaboradores han publicado por medio de Internet.<\/p><p>A tal efecto, te obligas y comprometes a NO utilizar cualquiera de los contenidos del sitio Web con fines o efectos il\u00edcitos, prohibidos en este Aviso Legal o por la legislaci\u00f3n vigente, lesivos de los derechos e intereses de terceros, o que de cualquier forma puedan da\u00f1ar, inutilizar, sobrecargar, deteriorar o impedir la normal utilizaci\u00f3n de los contenidos, los equipos inform\u00e1ticos o los documentos, archivos y toda clase de contenidos almacenados en cualquier equipo inform\u00e1tico propios o contratados por DALMAU MORROS T\u00c8CNICS, SLP, de otros usuarios o de cualquier usuario de Internet.<\/p><h2>Medidas de seguridad<\/h2><p>Los datos personales que facilites al Titular pueden ser almacenados en bases de datos automatizadas o no, cuya titularidad corresponde en exclusiva a <strong>DALMAU MORROS T\u00c8CNICS, SLP<\/strong> que asume todas las medidas de \u00edndole t\u00e9cnica, organizativa y de seguridad que garantizan la confidencialidad, integridad y calidad de la informaci\u00f3n contenida en las mismas de acuerdo con lo establecido en la normativa vigente en protecci\u00f3n de datos.<br \/>No obstante, debes ser consciente de que las medidas de seguridad de los sistemas inform\u00e1ticos en Internet no son enteramente fiables y que, por tanto el Titular no puede garantizar la inexistencia de virus u otros elementos que puedan producir alteraciones en los sistemas inform\u00e1ticos (software y hardware) del Usuario o en sus documentos electr\u00f3nicos y ficheros contenidos en los mismos aunque el Titular pone todos los medios necesarios y toma las medidas de seguridad oportunas para evitar la presencia de estos elementos da\u00f1inos.<\/p><h2>Tratamiento de Datos Personales<\/h2><p>Puedes consultar toda la informaci\u00f3n relativa al tratamiento de datos personales que recoge el Titular en la p\u00e1gina de pol\u00edtica de privacidad.<\/p><h2>Contenidos<\/h2><p>El Titular ha obtenido la informaci\u00f3n, el contenido multimedia y los materiales incluidos en el sitio Web de fuentes que considera fiables, pero, si bien ha tomado todas las medidas razonables para asegurar que la informaci\u00f3n contenida es correcta, el Titular no garantiza que sea exacta, completa o actualizada. <strong>DALMAU MORROS T\u00c8CNICS, SLP<\/strong> declina expresamente cualquier responsabilidad por error u omisi\u00f3n en la informaci\u00f3n contenida en las p\u00e1ginas de este sitio Web.<br \/>Queda prohibido transmitir o enviar a trav\u00e9s del sitio Web cualquier contenido ilegal o il\u00edcito, virus inform\u00e1ticos, o mensajes que, en general, afecten o violen derechos de el Titular o de terceros.<br \/>Los contenidos de \u00a0<a href=\"https:\/\/dalmaumorros.com\/\">https:\/\/dalmaumorros.com\/<\/a> tienen \u00fanicamente una finalidad informativa y bajo ninguna circunstancia deben usarse ni considerarse como oferta de venta, solicitud de una oferta de compra ni recomendaci\u00f3n para realizar cualquier otra operaci\u00f3n, salvo que as\u00ed se indique expresamente.<br \/><strong>DALMAU MORROS T\u00c8CNICS, SLP<\/strong> se reserva el derecho a modificar, suspender, cancelar o restringir el contenido de https\u2026\u2026\u2026. los v\u00ednculos o la informaci\u00f3n obtenida a trav\u00e9s del sitio Web, sin necesidad de previo aviso.<br \/><strong>DALMAU MORROS T\u00c8CNICS, SLP<\/strong> no es responsable de los da\u00f1os y perjuicios que pudieran derivarse de la utilizaci\u00f3n de la informaci\u00f3n del sitio Web o de la contenida en las redes sociales del Titular.<\/p><h2>Pol\u00edtica de cookies<\/h2><p>En la p\u00e1gina Pol\u00edtica de Coolies puedes consultar toda la informaci\u00f3n relativa a la pol\u00edtica de recogida y tratamiento de las cookies.<\/p><h2>Enlaces a otros sitios Web<\/h2><p>El Titular puede proporcionarte acceso a sitios Web de terceros mediante enlaces con la finalidad exclusiva de informarte sobre la existencia de otras fuentes de informaci\u00f3n en Internet en las que podr\u00e1s ampliar los datos ofrecidos en el sitio Web.<br \/>Estos enlaces a otros sitios Web no suponen en ning\u00fan caso una sugerencia o recomendaci\u00f3n para que visites las p\u00e1ginas web de destino, que est\u00e1n fuera del control del Titular, por lo que <strong>DALMAU MORROS T\u00c8CNICS, SLP<\/strong> no es responsable del contenido de los sitios web vinculados ni del resultado que obtengas al seguir los enlaces.<br \/>Asimismo, <strong>DALMAU MORROS T\u00c8CNICS, SLP<\/strong>. no responde de los links o enlaces ubicados en los sitios web vinculados a los que te proporciona acceso.<br \/>El establecimiento del enlace no implica en ning\u00fan caso la existencia de relaciones entre <strong>DALMAU MORROS T\u00c8CNICS, SLP<\/strong> y el propietario del sitio en el que se establezca el enlace, ni la aceptaci\u00f3n o aprobaci\u00f3n por parte del Titular de sus contenidos o servicios.<br \/>Si accedes a un sitio Web externo desde un enlace que encuentres en <a href=\"https:\/\/dalmaumorros.com\/\">https:\/\/dalmaumorros.com\/<\/a> deber\u00e1s leer la propia pol\u00edtica de privacidad del otro sitio web que puede ser diferente de la de este sitio Web.<\/p><h2>Propiedad intelectual e industrial<\/h2><p>Todos los derechos est\u00e1n reservados. Todo acceso a este sitio Web est\u00e1 sujeto a las siguientes condiciones: la reproducci\u00f3n, almacenaje permanente y la difusi\u00f3n de los contenidos o cualquier otro uso que tenga finalidad p\u00fablica o comercial queda expresamente prohibida sin el consentimiento previo expreso y por escrito de <strong>DALMAU MORROS T\u00c8CNICS, SLP\u00a0<\/strong><\/p><h2>Limitaci\u00f3n de responsabilidad<\/h2><p><strong>DALMAU MORROS T\u00c8CNICS, SLP<\/strong> declina cualquier responsabilidad en caso de que existan interrupciones o un mal funcionamiento de los Servicios o contenidos ofrecidos en Internet, cualquiera que sea su causa. Asimismo, el Titular no se hace responsable por ca\u00eddas de la red, p\u00e9rdidas de negocio a consecuencia de dichas ca\u00eddas, suspensiones temporales de fluido el\u00e9ctrico o cualquier otro tipo de da\u00f1o indirecto que te pueda ser causado por causas ajenas a el Titular.<br \/>Antes de tomar decisiones y\/o acciones con base a la informaci\u00f3n incluida en el sitio Web, el Titular te recomienda comprobar y contrastar la informaci\u00f3n recibida con otras fuentes.<\/p><h2>Jurisdicci\u00f3n<\/h2><p>Este Aviso Legal se rige \u00edntegramente por la legislaci\u00f3n espa\u00f1ola.<\/p><h2>Contacto<\/h2><p>En caso de que tengas cualquier duda acerca de estas Condiciones legales o quieras realizar cualquier comentario sobre este sitio Web, puedes enviar un mensaje de correo electr\u00f3nico a la direcci\u00f3n <a href=\"mailto:dm@dalmaumorros.com\">dm@dalmaumorros.com<\/a><\/p>\t\t\t\t\t\t\t\t<\/div>\n\t\t\t\t<\/div>\n\t\t\t\t\t<\/div>\n\t\t<\/div>\n\t\t\t\t\t<\/div>\n\t\t<\/section>\n\t\t\t\t<\/div>\n\t\t","protected":false},"excerpt":{"rendered":"<p>Identificaci\u00f3n y Titularidad En cumplimiento del art\u00edculo 10 de la Ley 34\/2002, de 11 de julio, de Servicios de la Sociedad de la Informaci\u00f3n y Comercio Electr\u00f3nico, el Titular expone sus datos identificativos. Titular: DALMAU MORROS T\u00c8CNICS, SLP NIF : B64443559 Inscrita en el registro mercantil de BARCELONA.al tomo T 39288, Folio 17, Hoja B [&hellip;]<\/p>\n","protected":false},"author":1,"featured_media":0,"parent":0,"menu_order":0,"comment_status":"closed","ping_status":"closed","template":"elementor_header_footer","meta":{"_acf_changed":false,"footnotes":""},"class_list":["post-3973","page","type-page","status-publish","hentry"],"acf":[],"yoast_head":"<!-- This site is optimized with the Yoast SEO plugin v26.8 - https:\/\/yoast.com\/product\/yoast-seo-wordpress\/ -->\n<title>Aviso Legal - Dalmau Morros<\/title>\n<meta name=\"robots\" content=\"index, follow, max-snippet:-1, max-image-preview:large, max-video-preview:-1\" \/>\n<link rel=\"canonical\" href=\"https:\/\/dalmaumorros.com\/es\/aviso-legal\/\" \/>\n<meta property=\"og:locale\" content=\"es_ES\" \/>\n<meta property=\"og:type\" content=\"article\" \/>\n<meta property=\"og:title\" content=\"Aviso Legal - Dalmau Morros\" \/>\n<meta property=\"og:description\" content=\"Identificaci\u00f3n y Titularidad En cumplimiento del art\u00edculo 10 de la Ley 34\/2002, de 11 de julio, de Servicios de la Sociedad de la Informaci\u00f3n y Comercio Electr\u00f3nico, el Titular expone sus datos identificativos. Titular: DALMAU MORROS T\u00c8CNICS, SLP NIF : B64443559 Inscrita en el registro mercantil de BARCELONA.al tomo T 39288, Folio 17, Hoja B [&hellip;]\" \/>\n<meta property=\"og:url\" content=\"https:\/\/dalmaumorros.com\/es\/aviso-legal\/\" \/>\n<meta property=\"og:site_name\" content=\"Dalmau Morros\" \/>\n<meta property=\"article:publisher\" content=\"https:\/\/www.facebook.com\/DALMAU-MORROS-TECNICS-89632419424\" \/>\n<meta property=\"article:modified_time\" content=\"2025-10-22T11:30:10+00:00\" \/>\n<meta property=\"og:image\" content=\"https:\/\/dalmaumorros.com\/wp-content\/uploads\/DM.LOGONEGRO-1.png\" \/>\n\t<meta property=\"og:image:width\" content=\"211\" \/>\n\t<meta property=\"og:image:height\" content=\"80\" \/>\n\t<meta property=\"og:image:type\" content=\"image\/png\" \/>\n<meta name=\"twitter:card\" content=\"summary_large_image\" \/>\n<meta name=\"twitter:label1\" content=\"Tiempo de lectura\" \/>\n\t<meta name=\"twitter:data1\" content=\"6 minutos\" \/>\n<script type=\"application\/ld+json\" class=\"yoast-schema-graph\">{\"@context\":\"https:\/\/schema.org\",\"@graph\":[{\"@type\":\"WebPage\",\"@id\":\"https:\/\/dalmaumorros.com\/es\/aviso-legal\/\",\"url\":\"https:\/\/dalmaumorros.com\/es\/aviso-legal\/\",\"name\":\"Aviso Legal - Dalmau Morros\",\"isPartOf\":{\"@id\":\"https:\/\/dalmaumorros.com\/es\/#website\"},\"datePublished\":\"2021-06-29T13:44:35+00:00\",\"dateModified\":\"2025-10-22T11:30:10+00:00\",\"breadcrumb\":{\"@id\":\"https:\/\/dalmaumorros.com\/es\/aviso-legal\/#breadcrumb\"},\"inLanguage\":\"es\",\"potentialAction\":[{\"@type\":\"ReadAction\",\"target\":[\"https:\/\/dalmaumorros.com\/es\/aviso-legal\/\"]}]},{\"@type\":\"BreadcrumbList\",\"@id\":\"https:\/\/dalmaumorros.com\/es\/aviso-legal\/#breadcrumb\",\"itemListElement\":[{\"@type\":\"ListItem\",\"position\":1,\"name\":\"Inici\",\"item\":\"https:\/\/dalmaumorros.com\/es\/\"},{\"@type\":\"ListItem\",\"position\":2,\"name\":\"Aviso Legal\"}]},{\"@type\":\"WebSite\",\"@id\":\"https:\/\/dalmaumorros.com\/es\/#website\",\"url\":\"https:\/\/dalmaumorros.com\/es\/\",\"name\":\"Dalmau Morros\",\"description\":\"Gesti\u00f3n y direcci\u00f3n de obras\",\"publisher\":{\"@id\":\"https:\/\/dalmaumorros.com\/es\/#organization\"},\"potentialAction\":[{\"@type\":\"SearchAction\",\"target\":{\"@type\":\"EntryPoint\",\"urlTemplate\":\"https:\/\/dalmaumorros.com\/es\/?s={search_term_string}\"},\"query-input\":{\"@type\":\"PropertyValueSpecification\",\"valueRequired\":true,\"valueName\":\"search_term_string\"}}],\"inLanguage\":\"es\"},{\"@type\":\"Organization\",\"@id\":\"https:\/\/dalmaumorros.com\/es\/#organization\",\"name\":\"Dalmau Morros T\u00e8cnics\",\"url\":\"https:\/\/dalmaumorros.com\/es\/\",\"logo\":{\"@type\":\"ImageObject\",\"inLanguage\":\"es\",\"@id\":\"https:\/\/dalmaumorros.com\/es\/#\/schema\/logo\/image\/\",\"url\":\"https:\/\/dalmaumorros.com\/wp-content\/uploads\/DM.LOGONEGRO-1.png\",\"contentUrl\":\"https:\/\/dalmaumorros.com\/wp-content\/uploads\/DM.LOGONEGRO-1.png\",\"width\":211,\"height\":80,\"caption\":\"Dalmau Morros T\u00e8cnics\"},\"image\":{\"@id\":\"https:\/\/dalmaumorros.com\/es\/#\/schema\/logo\/image\/\"},\"sameAs\":[\"https:\/\/www.facebook.com\/DALMAU-MORROS-TECNICS-89632419424\",\"https:\/\/www.instagram.com\/dmtecnics\/\"]}]}<\/script>\n<!-- \/ Yoast SEO plugin. -->","yoast_head_json":{"title":"Aviso Legal - Dalmau Morros","robots":{"index":"index","follow":"follow","max-snippet":"max-snippet:-1","max-image-preview":"max-image-preview:large","max-video-preview":"max-video-preview:-1"},"canonical":"https:\/\/dalmaumorros.com\/es\/aviso-legal\/","og_locale":"es_ES","og_type":"article","og_title":"Aviso Legal - Dalmau Morros","og_description":"Identificaci\u00f3n y Titularidad En cumplimiento del art\u00edculo 10 de la Ley 34\/2002, de 11 de julio, de Servicios de la Sociedad de la Informaci\u00f3n y Comercio Electr\u00f3nico, el Titular expone sus datos identificativos. Titular: DALMAU MORROS T\u00c8CNICS, SLP NIF : B64443559 Inscrita en el registro mercantil de BARCELONA.al tomo T 39288, Folio 17, Hoja B [&hellip;]","og_url":"https:\/\/dalmaumorros.com\/es\/aviso-legal\/","og_site_name":"Dalmau Morros","article_publisher":"https:\/\/www.facebook.com\/DALMAU-MORROS-TECNICS-89632419424","article_modified_time":"2025-10-22T11:30:10+00:00","og_image":[{"width":211,"height":80,"url":"https:\/\/dalmaumorros.com\/wp-content\/uploads\/DM.LOGONEGRO-1.png","type":"image\/png"}],"twitter_card":"summary_large_image","twitter_misc":{"Tiempo de lectura":"6 minutos"},"schema":{"@context":"https:\/\/schema.org","@graph":[{"@type":"WebPage","@id":"https:\/\/dalmaumorros.com\/es\/aviso-legal\/","url":"https:\/\/dalmaumorros.com\/es\/aviso-legal\/","name":"Aviso Legal - Dalmau Morros","isPartOf":{"@id":"https:\/\/dalmaumorros.com\/es\/#website"},"datePublished":"2021-06-29T13:44:35+00:00","dateModified":"2025-10-22T11:30:10+00:00","breadcrumb":{"@id":"https:\/\/dalmaumorros.com\/es\/aviso-legal\/#breadcrumb"},"inLanguage":"es","potentialAction":[{"@type":"ReadAction","target":["https:\/\/dalmaumorros.com\/es\/aviso-legal\/"]}]},{"@type":"BreadcrumbList","@id":"https:\/\/dalmaumorros.com\/es\/aviso-legal\/#breadcrumb","itemListElement":[{"@type":"ListItem","position":1,"name":"Inici","item":"https:\/\/dalmaumorros.com\/es\/"},{"@type":"ListItem","position":2,"name":"Aviso Legal"}]},{"@type":"WebSite","@id":"https:\/\/dalmaumorros.com\/es\/#website","url":"https:\/\/dalmaumorros.com\/es\/","name":"Dalmau Morros","description":"Gesti\u00f3n y direcci\u00f3n de obras","publisher":{"@id":"https:\/\/dalmaumorros.com\/es\/#organization"},"potentialAction":[{"@type":"SearchAction","target":{"@type":"EntryPoint","urlTemplate":"https:\/\/dalmaumorros.com\/es\/?s={search_term_string}"},"query-input":{"@type":"PropertyValueSpecification","valueRequired":true,"valueName":"search_term_string"}}],"inLanguage":"es"},{"@type":"Organization","@id":"https:\/\/dalmaumorros.com\/es\/#organization","name":"Dalmau Morros T\u00e8cnics","url":"https:\/\/dalmaumorros.com\/es\/","logo":{"@type":"ImageObject","inLanguage":"es","@id":"https:\/\/dalmaumorros.com\/es\/#\/schema\/logo\/image\/","url":"https:\/\/dalmaumorros.com\/wp-content\/uploads\/DM.LOGONEGRO-1.png","contentUrl":"https:\/\/dalmaumorros.com\/wp-content\/uploads\/DM.LOGONEGRO-1.png","width":211,"height":80,"caption":"Dalmau Morros T\u00e8cnics"},"image":{"@id":"https:\/\/dalmaumorros.com\/es\/#\/schema\/logo\/image\/"},"sameAs":["https:\/\/www.facebook.com\/DALMAU-MORROS-TECNICS-89632419424","https:\/\/www.instagram.com\/dmtecnics\/"]}]}},"_links":{"self":[{"href":"https:\/\/dalmaumorros.com\/es\/wp-json\/wp\/v2\/pages\/3973","targetHints":{"allow":["GET"]}}],"collection":[{"href":"https:\/\/dalmaumorros.com\/es\/wp-json\/wp\/v2\/pages"}],"about":[{"href":"https:\/\/dalmaumorros.com\/es\/wp-json\/wp\/v2\/types\/page"}],"author":[{"embeddable":true,"href":"https:\/\/dalmaumorros.com\/es\/wp-json\/wp\/v2\/users\/1"}],"replies":[{"embeddable":true,"href":"https:\/\/dalmaumorros.com\/es\/wp-json\/wp\/v2\/comments?post=3973"}],"version-history":[{"count":4,"href":"https:\/\/dalmaumorros.com\/es\/wp-json\/wp\/v2\/pages\/3973\/revisions"}],"predecessor-version":[{"id":7249,"href":"https:\/\/dalmaumorros.com\/es\/wp-json\/wp\/v2\/pages\/3973\/revisions\/7249"}],"wp:attachment":[{"href":"https:\/\/dalmaumorros.com\/es\/wp-json\/wp\/v2\/media?parent=3973"}],"curies":[{"name":"wp","href":"https:\/\/api.w.org\/{rel}","templated":true}]}}