{"id":19,"date":"2021-02-18T09:53:02","date_gmt":"2021-02-18T08:53:02","guid":{"rendered":"https:\/\/dalmaumorros.com\/?page_id=19"},"modified":"2021-12-01T12:13:23","modified_gmt":"2021-12-01T11:13:23","slug":"empresa","status":"publish","type":"page","link":"https:\/\/dalmaumorros.com\/ca\/empresa\/","title":{"rendered":"Empresa"},"content":{"rendered":"\t\t<div data-elementor-type=\"wp-page\" data-elementor-id=\"19\" class=\"elementor elementor-19\" data-elementor-post-type=\"page\">\n\t\t\t\t\t\t<section class=\"elementor-section elementor-top-section elementor-element elementor-element-9374f6f elementor-section-full_width elementor-section-height-default elementor-section-height-default\" data-id=\"9374f6f\" data-element_type=\"section\">\n\t\t\t\t\t\t<div class=\"elementor-container elementor-column-gap-wider\">\n\t\t\t\t\t<div class=\"elementor-column elementor-col-100 elementor-top-column elementor-element elementor-element-9893b3e\" data-id=\"9893b3e\" data-element_type=\"column\">\n\t\t\t<div class=\"elementor-widget-wrap elementor-element-populated\">\n\t\t\t\t\t\t<div class=\"elementor-element elementor-element-3560e48 elementor-widget elementor-widget-image\" data-id=\"3560e48\" data-element_type=\"widget\" data-widget_type=\"image.default\">\n\t\t\t\t<div class=\"elementor-widget-container\">\n\t\t\t\t\t\t\t\t\t\t\t\t\t\t\t<img fetchpriority=\"high\" decoding=\"async\" width=\"800\" height=\"531\" src=\"https:\/\/dalmaumorros.com\/wp-content\/uploads\/DM_9466-1024x680.jpg\" class=\"attachment-large size-large wp-image-786\" alt=\"\" srcset=\"https:\/\/dalmaumorros.com\/wp-content\/uploads\/DM_9466-1024x680.jpg 1024w, https:\/\/dalmaumorros.com\/wp-content\/uploads\/DM_9466-300x199.jpg 300w, https:\/\/dalmaumorros.com\/wp-content\/uploads\/DM_9466-768x510.jpg 768w, https:\/\/dalmaumorros.com\/wp-content\/uploads\/DM_9466.jpg 1200w\" sizes=\"(max-width: 800px) 100vw, 800px\" \/>\t\t\t\t\t\t\t\t\t\t\t\t\t\t\t<\/div>\n\t\t\t\t<\/div>\n\t\t\t\t\t<\/div>\n\t\t<\/div>\n\t\t\t\t\t<\/div>\n\t\t<\/section>\n\t\t\t\t<section class=\"elementor-section elementor-top-section elementor-element elementor-element-8c5fdca elementor-section-full_width elementor-section-height-default elementor-section-height-default\" data-id=\"8c5fdca\" data-element_type=\"section\">\n\t\t\t\t\t\t<div class=\"elementor-container elementor-column-gap-wider\">\n\t\t\t\t\t<div class=\"elementor-column elementor-col-100 elementor-top-column elementor-element elementor-element-3ed389c\" data-id=\"3ed389c\" data-element_type=\"column\">\n\t\t\t<div class=\"elementor-widget-wrap elementor-element-populated\">\n\t\t\t\t\t\t<div class=\"elementor-element elementor-element-87f9fc6 elementor-widget elementor-widget-heading\" data-id=\"87f9fc6\" data-element_type=\"widget\" data-widget_type=\"heading.default\">\n\t\t\t\t<div class=\"elementor-widget-container\">\n\t\t\t\t\t<h2 class=\"elementor-heading-title elementor-size-default\">Equip<\/h2>\t\t\t\t<\/div>\n\t\t\t\t<\/div>\n\t\t\t\t<div class=\"elementor-element elementor-element-6a5341a elementor-widget__width-initial elementor-widget elementor-widget-text-editor\" data-id=\"6a5341a\" data-element_type=\"widget\" data-widget_type=\"text-editor.default\">\n\t\t\t\t<div class=\"elementor-widget-container\">\n\t\t\t\t\t\t\t\t\t<p><strong>DALMAU-MORROS T\u00c8CNICS <\/strong>\u00e9s un equip de professionals amb llarga experi\u00e8ncia dins del proc\u00e9s constructiu. Aquesta empresa gestiona tant obres privades com p\u00fabliques. <br \/>Aquest fet i la gran experi\u00e8ncia acumulada dels seus socis, fa que s\u2019hagin realitzat gran varietat d\u2019edificis, ja siguin de tipus residencials, centres esportius, habitatges,\u00a0hotels, aparcaments, etc\u2026<\/p><p>Els socis de l\u2019empresa s\u00f3n en D\u00eddac Dalmau i en David Morros.<br \/>Es considera la principal virtut de l\u2019empresa \u00e9s la professionalitat i el tracte amb el client, fent un seguiment molt directe i personal de cadascuna de les obres.<\/p><p>Es considera fonamental crear i mantenir un bon ambient, estable, implicat i capa\u00e7 per tal de que la traject\u00f2ria es mantingui i millori dia rere dia el nivell de qualitat dels seus serveis.<br \/>El conjunt de la nostra activitat est\u00e0 articulat a partir de quatre \u00e0rees d\u2019especialitat que defineixen el nostre\u00a0\u00e0mbit d\u2019actuaci\u00f3:<\/p><p style=\"padding-left: 40px;\">&#8211; Direcci\u00f3 d&#8217;obres<br \/>&#8211; Gesti\u00f3 d&#8217;obres<br \/>&#8211; Seguretat i Salut<br \/>&#8211; Altres<\/p>\t\t\t\t\t\t\t\t<\/div>\n\t\t\t\t<\/div>\n\t\t\t\t\t<\/div>\n\t\t<\/div>\n\t\t\t\t\t<\/div>\n\t\t<\/section>\n\t\t\t\t<section class=\"elementor-section elementor-top-section elementor-element elementor-element-60a2278 elementor-section-full_width elementor-section-height-default elementor-section-height-default\" data-id=\"60a2278\" data-element_type=\"section\">\n\t\t\t\t\t\t<div class=\"elementor-container elementor-column-gap-wider\">\n\t\t\t\t\t<div class=\"elementor-column elementor-col-100 elementor-top-column elementor-element elementor-element-636a719\" data-id=\"636a719\" data-element_type=\"column\">\n\t\t\t<div class=\"elementor-widget-wrap elementor-element-populated\">\n\t\t\t\t\t\t<div class=\"elementor-element elementor-element-dfb777b elementor-widget elementor-widget-image\" data-id=\"dfb777b\" data-element_type=\"widget\" data-widget_type=\"image.default\">\n\t\t\t\t<div class=\"elementor-widget-container\">\n\t\t\t\t\t\t\t\t\t\t\t\t\t\t\t<img decoding=\"async\" width=\"800\" height=\"534\" src=\"https:\/\/dalmaumorros.com\/wp-content\/uploads\/DM_9527-1024x683.jpg\" class=\"attachment-large size-large wp-image-787\" alt=\"\" srcset=\"https:\/\/dalmaumorros.com\/wp-content\/uploads\/DM_9527-1024x683.jpg 1024w, https:\/\/dalmaumorros.com\/wp-content\/uploads\/DM_9527-300x200.jpg 300w, https:\/\/dalmaumorros.com\/wp-content\/uploads\/DM_9527-768x512.jpg 768w, https:\/\/dalmaumorros.com\/wp-content\/uploads\/DM_9527.jpg 1200w\" sizes=\"(max-width: 800px) 100vw, 800px\" \/>\t\t\t\t\t\t\t\t\t\t\t\t\t\t\t<\/div>\n\t\t\t\t<\/div>\n\t\t\t\t\t<\/div>\n\t\t<\/div>\n\t\t\t\t\t<\/div>\n\t\t<\/section>\n\t\t\t\t<section class=\"elementor-section elementor-top-section elementor-element elementor-element-df54426 elementor-section-full_width elementor-section-height-default elementor-section-height-default\" data-id=\"df54426\" data-element_type=\"section\">\n\t\t\t\t\t\t<div class=\"elementor-container elementor-column-gap-wider\">\n\t\t\t\t\t<div class=\"elementor-column elementor-col-50 elementor-top-column elementor-element elementor-element-f80961b\" data-id=\"f80961b\" data-element_type=\"column\">\n\t\t\t<div class=\"elementor-widget-wrap elementor-element-populated\">\n\t\t\t\t\t\t<div class=\"elementor-element elementor-element-fae707a elementor-widget elementor-widget-heading\" data-id=\"fae707a\" data-element_type=\"widget\" data-widget_type=\"heading.default\">\n\t\t\t\t<div class=\"elementor-widget-container\">\n\t\t\t\t\t<h2 class=\"elementor-heading-title elementor-size-default\">Clients<\/h2>\t\t\t\t<\/div>\n\t\t\t\t<\/div>\n\t\t\t\t<div class=\"elementor-element elementor-element-b909309 elementor-widget elementor-widget-text-editor\" data-id=\"b909309\" data-element_type=\"widget\" data-widget_type=\"text-editor.default\">\n\t\t\t\t<div class=\"elementor-widget-container\">\n\t\t\t\t\t\t\t\t\t<p>Infraestructures<br \/>IMHAB<br \/>BIMSA<br \/>CULMIA<br \/>Metropolitan House<br \/>Ajuntament de Barcelona<br \/>Ajuntament de Tarragona<br \/>Ajuntament de Premi\u00e0 de Mar<br \/>Ajuntament de Sant Joan de Vilatorrada<br \/>Fira 2000<br \/>La Pinassa<br \/>Ajuntament de Calafell<br \/>AC Hoteles<br \/>HIGH TEC<br \/>Casas<br \/>SAET<\/p>\t\t\t\t\t\t\t\t<\/div>\n\t\t\t\t<\/div>\n\t\t\t\t\t<\/div>\n\t\t<\/div>\n\t\t\t\t<div class=\"elementor-column elementor-col-50 elementor-top-column elementor-element elementor-element-19fa96c\" data-id=\"19fa96c\" data-element_type=\"column\">\n\t\t\t<div class=\"elementor-widget-wrap\">\n\t\t\t\t\t\t\t<\/div>\n\t\t<\/div>\n\t\t\t\t\t<\/div>\n\t\t<\/section>\n\t\t\t\t<section class=\"elementor-section elementor-top-section elementor-element elementor-element-d5b7ce8 elementor-section-full_width elementor-section-height-default elementor-section-height-default\" data-id=\"d5b7ce8\" data-element_type=\"section\">\n\t\t\t\t\t\t<div class=\"elementor-container elementor-column-gap-wider\">\n\t\t\t\t\t<div class=\"elementor-column elementor-col-100 elementor-top-column elementor-element elementor-element-3d68f7d\" data-id=\"3d68f7d\" data-element_type=\"column\">\n\t\t\t<div class=\"elementor-widget-wrap elementor-element-populated\">\n\t\t\t\t\t\t<div class=\"elementor-element elementor-element-6f9ea10 elementor-widget elementor-widget-image\" data-id=\"6f9ea10\" data-element_type=\"widget\" data-widget_type=\"image.default\">\n\t\t\t\t<div class=\"elementor-widget-container\">\n\t\t\t\t\t\t\t\t\t\t\t\t\t\t\t<img decoding=\"async\" width=\"800\" height=\"532\" src=\"https:\/\/dalmaumorros.com\/wp-content\/uploads\/DM_9411-1024x681.jpg\" class=\"attachment-large size-large wp-image-785\" alt=\"\" srcset=\"https:\/\/dalmaumorros.com\/wp-content\/uploads\/DM_9411-1024x681.jpg 1024w, https:\/\/dalmaumorros.com\/wp-content\/uploads\/DM_9411-300x200.jpg 300w, https:\/\/dalmaumorros.com\/wp-content\/uploads\/DM_9411-768x511.jpg 768w, https:\/\/dalmaumorros.com\/wp-content\/uploads\/DM_9411.jpg 1200w\" sizes=\"(max-width: 800px) 100vw, 800px\" \/>\t\t\t\t\t\t\t\t\t\t\t\t\t\t\t<\/div>\n\t\t\t\t<\/div>\n\t\t\t\t<div class=\"elementor-element elementor-element-d76992e elementor-widget elementor-widget-spacer\" data-id=\"d76992e\" data-element_type=\"widget\" data-widget_type=\"spacer.default\">\n\t\t\t\t<div class=\"elementor-widget-container\">\n\t\t\t\t\t\t\t<div class=\"elementor-spacer\">\n\t\t\t<div class=\"elementor-spacer-inner\"><\/div>\n\t\t<\/div>\n\t\t\t\t\t\t<\/div>\n\t\t\t\t<\/div>\n\t\t\t\t\t<\/div>\n\t\t<\/div>\n\t\t\t\t\t<\/div>\n\t\t<\/section>\n\t\t\t\t<\/div>\n\t\t","protected":false},"excerpt":{"rendered":"<p>Equip DALMAU-MORROS T\u00c8CNICS \u00e9s un equip de professionals amb llarga experi\u00e8ncia dins del proc\u00e9s constructiu. Aquesta empresa gestiona tant obres privades com p\u00fabliques. Aquest fet i la gran experi\u00e8ncia acumulada dels seus socis, fa que s\u2019hagin realitzat gran varietat d\u2019edificis, ja siguin de tipus residencials, centres esportius, habitatges,\u00a0hotels, aparcaments, etc\u2026 Els socis de l\u2019empresa s\u00f3n [&hellip;]<\/p>\n","protected":false},"author":1,"featured_media":0,"parent":0,"menu_order":0,"comment_status":"closed","ping_status":"closed","template":"elementor_header_footer","meta":{"_acf_changed":false,"footnotes":""},"class_list":["post-19","page","type-page","status-publish","hentry"],"acf":[],"yoast_head":"<!-- This site is optimized with the Yoast SEO plugin v26.8 - https:\/\/yoast.com\/product\/yoast-seo-wordpress\/ -->\n<title>Empresa - Dalmau Morros<\/title>\n<meta name=\"robots\" content=\"index, follow, max-snippet:-1, max-image-preview:large, max-video-preview:-1\" \/>\n<link rel=\"canonical\" href=\"https:\/\/dalmaumorros.com\/ca\/empresa\/\" \/>\n<meta property=\"og:locale\" content=\"ca_ES\" \/>\n<meta property=\"og:type\" content=\"article\" \/>\n<meta property=\"og:title\" content=\"Empresa - Dalmau Morros\" \/>\n<meta property=\"og:description\" content=\"Equip DALMAU-MORROS T\u00c8CNICS \u00e9s un equip de professionals amb llarga experi\u00e8ncia dins del proc\u00e9s constructiu. Aquesta empresa gestiona tant obres privades com p\u00fabliques. Aquest fet i la gran experi\u00e8ncia acumulada dels seus socis, fa que s\u2019hagin realitzat gran varietat d\u2019edificis, ja siguin de tipus residencials, centres esportius, habitatges,\u00a0hotels, aparcaments, etc\u2026 Els socis de l\u2019empresa s\u00f3n [&hellip;]\" \/>\n<meta property=\"og:url\" content=\"https:\/\/dalmaumorros.com\/ca\/empresa\/\" \/>\n<meta property=\"og:site_name\" content=\"Dalmau Morros\" \/>\n<meta property=\"article:publisher\" content=\"https:\/\/www.facebook.com\/DALMAU-MORROS-TECNICS-89632419424\" \/>\n<meta property=\"article:modified_time\" content=\"2021-12-01T11:13:23+00:00\" \/>\n<meta property=\"og:image\" content=\"https:\/\/dalmaumorros.com\/wp-content\/uploads\/DM_9466-1024x680.jpg\" \/>\n<meta name=\"twitter:card\" content=\"summary_large_image\" \/>\n<meta name=\"twitter:label1\" content=\"Temps estimat de lectura\" \/>\n\t<meta name=\"twitter:data1\" content=\"1 minut\" \/>\n<script type=\"application\/ld+json\" class=\"yoast-schema-graph\">{\"@context\":\"https:\/\/schema.org\",\"@graph\":[{\"@type\":\"WebPage\",\"@id\":\"https:\/\/dalmaumorros.com\/ca\/empresa\/\",\"url\":\"https:\/\/dalmaumorros.com\/ca\/empresa\/\",\"name\":\"Empresa - Dalmau Morros\",\"isPartOf\":{\"@id\":\"https:\/\/dalmaumorros.com\/ca\/#website\"},\"primaryImageOfPage\":{\"@id\":\"https:\/\/dalmaumorros.com\/ca\/empresa\/#primaryimage\"},\"image\":{\"@id\":\"https:\/\/dalmaumorros.com\/ca\/empresa\/#primaryimage\"},\"thumbnailUrl\":\"https:\/\/dalmaumorros.com\/wp-content\/uploads\/DM_9466-1024x680.jpg\",\"datePublished\":\"2021-02-18T08:53:02+00:00\",\"dateModified\":\"2021-12-01T11:13:23+00:00\",\"breadcrumb\":{\"@id\":\"https:\/\/dalmaumorros.com\/ca\/empresa\/#breadcrumb\"},\"inLanguage\":\"ca\",\"potentialAction\":[{\"@type\":\"ReadAction\",\"target\":[\"https:\/\/dalmaumorros.com\/ca\/empresa\/\"]}]},{\"@type\":\"ImageObject\",\"inLanguage\":\"ca\",\"@id\":\"https:\/\/dalmaumorros.com\/ca\/empresa\/#primaryimage\",\"url\":\"https:\/\/dalmaumorros.com\/wp-content\/uploads\/DM_9466-1024x680.jpg\",\"contentUrl\":\"https:\/\/dalmaumorros.com\/wp-content\/uploads\/DM_9466-1024x680.jpg\"},{\"@type\":\"BreadcrumbList\",\"@id\":\"https:\/\/dalmaumorros.com\/ca\/empresa\/#breadcrumb\",\"itemListElement\":[{\"@type\":\"ListItem\",\"position\":1,\"name\":\"Inici\",\"item\":\"https:\/\/dalmaumorros.com\/ca\/\"},{\"@type\":\"ListItem\",\"position\":2,\"name\":\"Empresa\"}]},{\"@type\":\"WebSite\",\"@id\":\"https:\/\/dalmaumorros.com\/ca\/#website\",\"url\":\"https:\/\/dalmaumorros.com\/ca\/\",\"name\":\"Dalmau Morros\",\"description\":\"Gesti\u00f3 i direcci\u00f3 d&#039;obres\",\"publisher\":{\"@id\":\"https:\/\/dalmaumorros.com\/ca\/#organization\"},\"potentialAction\":[{\"@type\":\"SearchAction\",\"target\":{\"@type\":\"EntryPoint\",\"urlTemplate\":\"https:\/\/dalmaumorros.com\/ca\/?s={search_term_string}\"},\"query-input\":{\"@type\":\"PropertyValueSpecification\",\"valueRequired\":true,\"valueName\":\"search_term_string\"}}],\"inLanguage\":\"ca\"},{\"@type\":\"Organization\",\"@id\":\"https:\/\/dalmaumorros.com\/ca\/#organization\",\"name\":\"Dalmau Morros T\u00e8cnics\",\"url\":\"https:\/\/dalmaumorros.com\/ca\/\",\"logo\":{\"@type\":\"ImageObject\",\"inLanguage\":\"ca\",\"@id\":\"https:\/\/dalmaumorros.com\/ca\/#\/schema\/logo\/image\/\",\"url\":\"https:\/\/dalmaumorros.com\/wp-content\/uploads\/DM.LOGONEGRO-1.png\",\"contentUrl\":\"https:\/\/dalmaumorros.com\/wp-content\/uploads\/DM.LOGONEGRO-1.png\",\"width\":211,\"height\":80,\"caption\":\"Dalmau Morros T\u00e8cnics\"},\"image\":{\"@id\":\"https:\/\/dalmaumorros.com\/ca\/#\/schema\/logo\/image\/\"},\"sameAs\":[\"https:\/\/www.facebook.com\/DALMAU-MORROS-TECNICS-89632419424\",\"https:\/\/www.instagram.com\/dmtecnics\/\"]}]}<\/script>\n<!-- \/ Yoast SEO plugin. -->","yoast_head_json":{"title":"Empresa - Dalmau Morros","robots":{"index":"index","follow":"follow","max-snippet":"max-snippet:-1","max-image-preview":"max-image-preview:large","max-video-preview":"max-video-preview:-1"},"canonical":"https:\/\/dalmaumorros.com\/ca\/empresa\/","og_locale":"ca_ES","og_type":"article","og_title":"Empresa - Dalmau Morros","og_description":"Equip DALMAU-MORROS T\u00c8CNICS \u00e9s un equip de professionals amb llarga experi\u00e8ncia dins del proc\u00e9s constructiu. Aquesta empresa gestiona tant obres privades com p\u00fabliques. Aquest fet i la gran experi\u00e8ncia acumulada dels seus socis, fa que s\u2019hagin realitzat gran varietat d\u2019edificis, ja siguin de tipus residencials, centres esportius, habitatges,\u00a0hotels, aparcaments, etc\u2026 Els socis de l\u2019empresa s\u00f3n [&hellip;]","og_url":"https:\/\/dalmaumorros.com\/ca\/empresa\/","og_site_name":"Dalmau Morros","article_publisher":"https:\/\/www.facebook.com\/DALMAU-MORROS-TECNICS-89632419424","article_modified_time":"2021-12-01T11:13:23+00:00","og_image":[{"url":"https:\/\/dalmaumorros.com\/wp-content\/uploads\/DM_9466-1024x680.jpg","type":"","width":"","height":""}],"twitter_card":"summary_large_image","twitter_misc":{"Temps estimat de lectura":"1 minut"},"schema":{"@context":"https:\/\/schema.org","@graph":[{"@type":"WebPage","@id":"https:\/\/dalmaumorros.com\/ca\/empresa\/","url":"https:\/\/dalmaumorros.com\/ca\/empresa\/","name":"Empresa - Dalmau Morros","isPartOf":{"@id":"https:\/\/dalmaumorros.com\/ca\/#website"},"primaryImageOfPage":{"@id":"https:\/\/dalmaumorros.com\/ca\/empresa\/#primaryimage"},"image":{"@id":"https:\/\/dalmaumorros.com\/ca\/empresa\/#primaryimage"},"thumbnailUrl":"https:\/\/dalmaumorros.com\/wp-content\/uploads\/DM_9466-1024x680.jpg","datePublished":"2021-02-18T08:53:02+00:00","dateModified":"2021-12-01T11:13:23+00:00","breadcrumb":{"@id":"https:\/\/dalmaumorros.com\/ca\/empresa\/#breadcrumb"},"inLanguage":"ca","potentialAction":[{"@type":"ReadAction","target":["https:\/\/dalmaumorros.com\/ca\/empresa\/"]}]},{"@type":"ImageObject","inLanguage":"ca","@id":"https:\/\/dalmaumorros.com\/ca\/empresa\/#primaryimage","url":"https:\/\/dalmaumorros.com\/wp-content\/uploads\/DM_9466-1024x680.jpg","contentUrl":"https:\/\/dalmaumorros.com\/wp-content\/uploads\/DM_9466-1024x680.jpg"},{"@type":"BreadcrumbList","@id":"https:\/\/dalmaumorros.com\/ca\/empresa\/#breadcrumb","itemListElement":[{"@type":"ListItem","position":1,"name":"Inici","item":"https:\/\/dalmaumorros.com\/ca\/"},{"@type":"ListItem","position":2,"name":"Empresa"}]},{"@type":"WebSite","@id":"https:\/\/dalmaumorros.com\/ca\/#website","url":"https:\/\/dalmaumorros.com\/ca\/","name":"Dalmau Morros","description":"Gesti\u00f3 i direcci\u00f3 d&#039;obres","publisher":{"@id":"https:\/\/dalmaumorros.com\/ca\/#organization"},"potentialAction":[{"@type":"SearchAction","target":{"@type":"EntryPoint","urlTemplate":"https:\/\/dalmaumorros.com\/ca\/?s={search_term_string}"},"query-input":{"@type":"PropertyValueSpecification","valueRequired":true,"valueName":"search_term_string"}}],"inLanguage":"ca"},{"@type":"Organization","@id":"https:\/\/dalmaumorros.com\/ca\/#organization","name":"Dalmau Morros T\u00e8cnics","url":"https:\/\/dalmaumorros.com\/ca\/","logo":{"@type":"ImageObject","inLanguage":"ca","@id":"https:\/\/dalmaumorros.com\/ca\/#\/schema\/logo\/image\/","url":"https:\/\/dalmaumorros.com\/wp-content\/uploads\/DM.LOGONEGRO-1.png","contentUrl":"https:\/\/dalmaumorros.com\/wp-content\/uploads\/DM.LOGONEGRO-1.png","width":211,"height":80,"caption":"Dalmau Morros T\u00e8cnics"},"image":{"@id":"https:\/\/dalmaumorros.com\/ca\/#\/schema\/logo\/image\/"},"sameAs":["https:\/\/www.facebook.com\/DALMAU-MORROS-TECNICS-89632419424","https:\/\/www.instagram.com\/dmtecnics\/"]}]}},"_links":{"self":[{"href":"https:\/\/dalmaumorros.com\/ca\/wp-json\/wp\/v2\/pages\/19","targetHints":{"allow":["GET"]}}],"collection":[{"href":"https:\/\/dalmaumorros.com\/ca\/wp-json\/wp\/v2\/pages"}],"about":[{"href":"https:\/\/dalmaumorros.com\/ca\/wp-json\/wp\/v2\/types\/page"}],"author":[{"embeddable":true,"href":"https:\/\/dalmaumorros.com\/ca\/wp-json\/wp\/v2\/users\/1"}],"replies":[{"embeddable":true,"href":"https:\/\/dalmaumorros.com\/ca\/wp-json\/wp\/v2\/comments?post=19"}],"version-history":[{"count":148,"href":"https:\/\/dalmaumorros.com\/ca\/wp-json\/wp\/v2\/pages\/19\/revisions"}],"predecessor-version":[{"id":4585,"href":"https:\/\/dalmaumorros.com\/ca\/wp-json\/wp\/v2\/pages\/19\/revisions\/4585"}],"wp:attachment":[{"href":"https:\/\/dalmaumorros.com\/ca\/wp-json\/wp\/v2\/media?parent=19"}],"curies":[{"name":"wp","href":"https:\/\/api.w.org\/{rel}","templated":true}]}}