{"id":15,"date":"2021-02-18T09:52:20","date_gmt":"2021-02-18T08:52:20","guid":{"rendered":"https:\/\/dalmaumorros.com\/?page_id=15"},"modified":"2021-05-08T17:24:25","modified_gmt":"2021-05-08T15:24:25","slug":"noticies","status":"publish","type":"page","link":"https:\/\/dalmaumorros.com\/ca\/noticies\/","title":{"rendered":"Not\u00edcies"},"content":{"rendered":"\t\t<div data-elementor-type=\"wp-page\" data-elementor-id=\"15\" class=\"elementor elementor-15\" data-elementor-post-type=\"page\">\n\t\t\t\t\t\t<section class=\"elementor-section elementor-top-section elementor-element elementor-element-2e758a4 elementor-hidden-tablet elementor-hidden-phone elementor-section-full_width elementor-section-height-default elementor-section-height-default\" data-id=\"2e758a4\" data-element_type=\"section\">\n\t\t\t\t\t\t<div class=\"elementor-container elementor-column-gap-wider\">\n\t\t\t\t\t<div class=\"elementor-column elementor-col-100 elementor-top-column elementor-element elementor-element-b260e61\" data-id=\"b260e61\" data-element_type=\"column\">\n\t\t\t<div class=\"elementor-widget-wrap elementor-element-populated\">\n\t\t\t\t\t\t<div class=\"elementor-element elementor-element-2abac16 elementor-grid-1 elementor-posts--thumbnail-left elementor-widget__width-initial elementor-grid-tablet-2 elementor-grid-mobile-1 elementor-widget elementor-widget-posts\" data-id=\"2abac16\" data-element_type=\"widget\" data-settings=\"{&quot;classic_columns&quot;:&quot;1&quot;,&quot;classic_columns_tablet&quot;:&quot;2&quot;,&quot;classic_columns_mobile&quot;:&quot;1&quot;,&quot;classic_row_gap&quot;:{&quot;unit&quot;:&quot;px&quot;,&quot;size&quot;:35,&quot;sizes&quot;:[]},&quot;classic_row_gap_tablet&quot;:{&quot;unit&quot;:&quot;px&quot;,&quot;size&quot;:&quot;&quot;,&quot;sizes&quot;:[]},&quot;classic_row_gap_mobile&quot;:{&quot;unit&quot;:&quot;px&quot;,&quot;size&quot;:&quot;&quot;,&quot;sizes&quot;:[]}}\" data-widget_type=\"posts.classic\">\n\t\t\t\t<div class=\"elementor-widget-container\">\n\t\t\t\t\t\t\t<div class=\"elementor-posts-container elementor-posts elementor-posts--skin-classic elementor-grid\">\n\t\t\t\t<article class=\"elementor-post elementor-grid-item post-209 post type-post status-publish format-standard has-post-thumbnail hentry category-noticies\">\n\t\t\t\t<a class=\"elementor-post__thumbnail__link\" href=\"https:\/\/dalmaumorros.com\/ca\/metropolitan-house\/\" tabindex=\"-1\" >\n\t\t\t<div class=\"elementor-post__thumbnail\"><img fetchpriority=\"high\" decoding=\"async\" width=\"528\" height=\"396\" src=\"https:\/\/dalmaumorros.com\/wp-content\/uploads\/noticia-1.png\" class=\"attachment-large size-large wp-image-3169\" alt=\"Metropolitan House\" srcset=\"https:\/\/dalmaumorros.com\/wp-content\/uploads\/noticia-1.png 528w, https:\/\/dalmaumorros.com\/wp-content\/uploads\/noticia-1-300x225.png 300w, https:\/\/dalmaumorros.com\/wp-content\/uploads\/noticia-1-150x113.png 150w\" sizes=\"(max-width: 528px) 100vw, 528px\" \/><\/div>\n\t\t<\/a>\n\t\t\t\t<div class=\"elementor-post__text\">\n\t\t\t\t<h3 class=\"elementor-post__title\">\n\t\t\t<a href=\"https:\/\/dalmaumorros.com\/ca\/metropolitan-house\/\" >\n\t\t\t\tMetropolitan House\t\t\t<\/a>\n\t\t<\/h3>\n\t\t\t\t<div class=\"elementor-post__meta-data\">\n\t\t\t\t\t<span class=\"elementor-post-date\">\n\t\t\t02\/06\/2021\t\t<\/span>\n\t\t\t\t<\/div>\n\t\t\t\t<div class=\"elementor-post__excerpt\">\n\t\t\t<p>Previous Next Metropolitan House Construcci\u00f3 de 64 habitatges de Metropolitan House a la Ciutat Esportiva Joan Gamper de Sant Joan Desp\u00ed amb D+M T\u00e8cnics com a Direcci\u00f3 d\u2019Execuci\u00f3 d\u2019obra.<\/p>\n\t\t<\/div>\n\t\t\t\t<\/div>\n\t\t\t\t<\/article>\n\t\t\t\t<article class=\"elementor-post elementor-grid-item post-215 post type-post status-publish format-standard has-post-thumbnail hentry category-noticies\">\n\t\t\t\t<a class=\"elementor-post__thumbnail__link\" href=\"https:\/\/dalmaumorros.com\/ca\/promocio-del-carrer-ulldecona-2-10\/\" tabindex=\"-1\" >\n\t\t\t<div class=\"elementor-post__thumbnail\"><img decoding=\"async\" width=\"800\" height=\"798\" src=\"https:\/\/dalmaumorros.com\/wp-content\/uploads\/186284244_10158602354569425_6795092231506543967_n-1024x1021.jpg\" class=\"attachment-large size-large wp-image-3172\" alt=\"Promoci\u00f3 del carrer Ulldecona 2-10\" srcset=\"https:\/\/dalmaumorros.com\/wp-content\/uploads\/186284244_10158602354569425_6795092231506543967_n-1024x1021.jpg 1024w, https:\/\/dalmaumorros.com\/wp-content\/uploads\/186284244_10158602354569425_6795092231506543967_n-300x300.jpg 300w, https:\/\/dalmaumorros.com\/wp-content\/uploads\/186284244_10158602354569425_6795092231506543967_n-150x150.jpg 150w, https:\/\/dalmaumorros.com\/wp-content\/uploads\/186284244_10158602354569425_6795092231506543967_n-768x766.jpg 768w, https:\/\/dalmaumorros.com\/wp-content\/uploads\/186284244_10158602354569425_6795092231506543967_n.jpg 1440w\" sizes=\"(max-width: 800px) 100vw, 800px\" \/><\/div>\n\t\t<\/a>\n\t\t\t\t<div class=\"elementor-post__text\">\n\t\t\t\t<h3 class=\"elementor-post__title\">\n\t\t\t<a href=\"https:\/\/dalmaumorros.com\/ca\/promocio-del-carrer-ulldecona-2-10\/\" >\n\t\t\t\tPromoci\u00f3 del carrer Ulldecona 2-10\t\t\t<\/a>\n\t\t<\/h3>\n\t\t\t\t<div class=\"elementor-post__meta-data\">\n\t\t\t\t\t<span class=\"elementor-post-date\">\n\t\t\t14\/05\/2021\t\t<\/span>\n\t\t\t\t<\/div>\n\t\t\t\t<div class=\"elementor-post__excerpt\">\n\t\t\t<p>Promoci\u00f3 del carrer Ulldecona 2-10 Primera pedra per part d&#8217;Ada Colau de la promoci\u00f3 del c\/ Ulldecona 2-10 d amb 72 pisos de lloguer, promoci\u00f3 de lMHAB de l&#8217;Ajuntament de Barcelona, projecte de Coll- Lecerq \/ Mias arquitectura amb D+M T\u00e8cnics com a Direcci\u00f3 d&#8217;Execuci\u00f3 d\u2019Obres,<\/p>\n\t\t<\/div>\n\t\t\t\t<\/div>\n\t\t\t\t<\/article>\n\t\t\t\t<article class=\"elementor-post elementor-grid-item post-3174 post type-post status-publish format-standard has-post-thumbnail hentry category-noticies\">\n\t\t\t\t<a class=\"elementor-post__thumbnail__link\" href=\"https:\/\/dalmaumorros.com\/ca\/premi-mapei-al-poliesportiu-del-turo-de-la-peira\/\" tabindex=\"-1\" >\n\t\t\t<div class=\"elementor-post__thumbnail\"><img decoding=\"async\" width=\"800\" height=\"1000\" src=\"https:\/\/dalmaumorros.com\/wp-content\/uploads\/103831570_10157821774989425_2313371228698669375_n-819x1024.jpg\" class=\"attachment-large size-large wp-image-3175\" alt=\"Poliesportiu del Tur\u00f3 de la Peira\" srcset=\"https:\/\/dalmaumorros.com\/wp-content\/uploads\/103831570_10157821774989425_2313371228698669375_n-819x1024.jpg 819w, https:\/\/dalmaumorros.com\/wp-content\/uploads\/103831570_10157821774989425_2313371228698669375_n-240x300.jpg 240w, https:\/\/dalmaumorros.com\/wp-content\/uploads\/103831570_10157821774989425_2313371228698669375_n-120x150.jpg 120w, https:\/\/dalmaumorros.com\/wp-content\/uploads\/103831570_10157821774989425_2313371228698669375_n-768x960.jpg 768w, https:\/\/dalmaumorros.com\/wp-content\/uploads\/103831570_10157821774989425_2313371228698669375_n-1229x1536.jpg 1229w, https:\/\/dalmaumorros.com\/wp-content\/uploads\/103831570_10157821774989425_2313371228698669375_n.jpg 1440w\" sizes=\"(max-width: 800px) 100vw, 800px\" \/><\/div>\n\t\t<\/a>\n\t\t\t\t<div class=\"elementor-post__text\">\n\t\t\t\t<h3 class=\"elementor-post__title\">\n\t\t\t<a href=\"https:\/\/dalmaumorros.com\/ca\/premi-mapei-al-poliesportiu-del-turo-de-la-peira\/\" >\n\t\t\t\tPremi Mapei al poliesportiu del Tur\u00f3 de la Peira\t\t\t<\/a>\n\t\t<\/h3>\n\t\t\t\t<div class=\"elementor-post__meta-data\">\n\t\t\t\t\t<span class=\"elementor-post-date\">\n\t\t\t18\/06\/2020\t\t<\/span>\n\t\t\t\t<\/div>\n\t\t\t\t<div class=\"elementor-post__excerpt\">\n\t\t\t<p>Premi Mapei al poliesportiu del Tur\u00f3 de la Peira L&#8217;obra del poliesportiu del Tur\u00f3 de la Peira, amb D+M\u00a0TECNICS\u00a0com a Direcci\u00f3 d&#8217;Execuci\u00f3 d&#8217;Obres, guanya el Premi\u00a0Mapei\u00a0a millor Arquitectura Sostenible\u00a02019.<\/p>\n\t\t<\/div>\n\t\t\t\t<\/div>\n\t\t\t\t<\/article>\n\t\t\t\t<article class=\"elementor-post elementor-grid-item post-3178 post type-post status-publish format-standard has-post-thumbnail hentry category-noticies\">\n\t\t\t\t<a class=\"elementor-post__thumbnail__link\" href=\"https:\/\/dalmaumorros.com\/ca\/premis-ciutat-de-barcelona19\/\" tabindex=\"-1\" >\n\t\t\t<div class=\"elementor-post__thumbnail\"><img loading=\"lazy\" decoding=\"async\" width=\"800\" height=\"450\" src=\"https:\/\/dalmaumorros.com\/wp-content\/uploads\/74786447_10157166144444425_7176008564765360128_n.jpg\" class=\"attachment-large size-large wp-image-3182\" alt=\"\" srcset=\"https:\/\/dalmaumorros.com\/wp-content\/uploads\/74786447_10157166144444425_7176008564765360128_n.jpg 960w, https:\/\/dalmaumorros.com\/wp-content\/uploads\/74786447_10157166144444425_7176008564765360128_n-300x169.jpg 300w, https:\/\/dalmaumorros.com\/wp-content\/uploads\/74786447_10157166144444425_7176008564765360128_n-150x84.jpg 150w, https:\/\/dalmaumorros.com\/wp-content\/uploads\/74786447_10157166144444425_7176008564765360128_n-768x432.jpg 768w\" sizes=\"(max-width: 800px) 100vw, 800px\" \/><\/div>\n\t\t<\/a>\n\t\t\t\t<div class=\"elementor-post__text\">\n\t\t\t\t<h3 class=\"elementor-post__title\">\n\t\t\t<a href=\"https:\/\/dalmaumorros.com\/ca\/premis-ciutat-de-barcelona19\/\" >\n\t\t\t\tPremis Ciutat de Barcelona&#8217;19\t\t\t<\/a>\n\t\t<\/h3>\n\t\t\t\t<div class=\"elementor-post__meta-data\">\n\t\t\t\t\t<span class=\"elementor-post-date\">\n\t\t\t29\/01\/2020\t\t<\/span>\n\t\t\t\t<\/div>\n\t\t\t\t<div class=\"elementor-post__excerpt\">\n\t\t\t<p>Premis Ciutat de Barcelona\u201919 Aquest mat\u00ed s&#8217;ha fet p\u00fablica la nota de premsa del Premis Ciutat de Barcelona&#8217;19. El premi d\u2019arquitectura i urbanisme s\u2019ha otorgat a Anna Noguera i Javier Fern\u00e1ndez pel Centre Esportiu Municipal del Tur\u00f3 de la Peira amb D+M T\u00e8cnics com a Direcci\u00f3 d\u2019Execuci\u00f3 d\u2019Obres.<\/p>\n\t\t<\/div>\n\t\t\t\t<\/div>\n\t\t\t\t<\/article>\n\t\t\t\t<\/div>\n\t\t\n\t\t\t\t\t\t<\/div>\n\t\t\t\t<\/div>\n\t\t\t\t\t<\/div>\n\t\t<\/div>\n\t\t\t\t\t<\/div>\n\t\t<\/section>\n\t\t\t\t<section class=\"elementor-section elementor-top-section elementor-element elementor-element-c96c61c elementor-hidden-desktop elementor-section-boxed elementor-section-height-default elementor-section-height-default\" data-id=\"c96c61c\" data-element_type=\"section\">\n\t\t\t\t\t\t<div class=\"elementor-container elementor-column-gap-narrow\">\n\t\t\t\t\t<div class=\"elementor-column elementor-col-100 elementor-top-column elementor-element elementor-element-22a9766\" data-id=\"22a9766\" data-element_type=\"column\">\n\t\t\t<div class=\"elementor-widget-wrap elementor-element-populated\">\n\t\t\t\t\t\t<div class=\"elementor-element elementor-element-a0f9da9 elementor-grid-1 elementor-posts--align-left elementor-grid-tablet-2 elementor-grid-mobile-1 elementor-posts--thumbnail-top elementor-widget elementor-widget-posts\" data-id=\"a0f9da9\" data-element_type=\"widget\" data-settings=\"{&quot;classic_columns&quot;:&quot;1&quot;,&quot;classic_columns_tablet&quot;:&quot;2&quot;,&quot;classic_columns_mobile&quot;:&quot;1&quot;,&quot;classic_row_gap&quot;:{&quot;unit&quot;:&quot;px&quot;,&quot;size&quot;:35,&quot;sizes&quot;:[]},&quot;classic_row_gap_tablet&quot;:{&quot;unit&quot;:&quot;px&quot;,&quot;size&quot;:&quot;&quot;,&quot;sizes&quot;:[]},&quot;classic_row_gap_mobile&quot;:{&quot;unit&quot;:&quot;px&quot;,&quot;size&quot;:&quot;&quot;,&quot;sizes&quot;:[]}}\" data-widget_type=\"posts.classic\">\n\t\t\t\t<div class=\"elementor-widget-container\">\n\t\t\t\t\t\t\t<div class=\"elementor-posts-container elementor-posts elementor-posts--skin-classic elementor-grid\">\n\t\t\t\t<article class=\"elementor-post elementor-grid-item post-209 post type-post status-publish format-standard has-post-thumbnail hentry category-noticies\">\n\t\t\t\t<a class=\"elementor-post__thumbnail__link\" href=\"https:\/\/dalmaumorros.com\/ca\/metropolitan-house\/\" tabindex=\"-1\" >\n\t\t\t<div class=\"elementor-post__thumbnail\"><img fetchpriority=\"high\" decoding=\"async\" width=\"528\" height=\"396\" src=\"https:\/\/dalmaumorros.com\/wp-content\/uploads\/noticia-1.png\" class=\"attachment-large size-large wp-image-3169\" alt=\"Metropolitan House\" srcset=\"https:\/\/dalmaumorros.com\/wp-content\/uploads\/noticia-1.png 528w, https:\/\/dalmaumorros.com\/wp-content\/uploads\/noticia-1-300x225.png 300w, https:\/\/dalmaumorros.com\/wp-content\/uploads\/noticia-1-150x113.png 150w\" sizes=\"(max-width: 528px) 100vw, 528px\" \/><\/div>\n\t\t<\/a>\n\t\t\t\t<div class=\"elementor-post__text\">\n\t\t\t\t<h3 class=\"elementor-post__title\">\n\t\t\t<a href=\"https:\/\/dalmaumorros.com\/ca\/metropolitan-house\/\" >\n\t\t\t\tMetropolitan House\t\t\t<\/a>\n\t\t<\/h3>\n\t\t\t\t<div class=\"elementor-post__meta-data\">\n\t\t\t\t\t<span class=\"elementor-post-date\">\n\t\t\t02\/06\/2021\t\t<\/span>\n\t\t\t\t<\/div>\n\t\t\t\t<div class=\"elementor-post__excerpt\">\n\t\t\t<p>Previous Next Metropolitan House Construcci\u00f3 de 64 habitatges de Metropolitan House a la Ciutat Esportiva Joan Gamper de Sant Joan Desp\u00ed amb D+M T\u00e8cnics com a Direcci\u00f3 d\u2019Execuci\u00f3 d\u2019obra.<\/p>\n\t\t<\/div>\n\t\t\t\t<\/div>\n\t\t\t\t<\/article>\n\t\t\t\t<article class=\"elementor-post elementor-grid-item post-215 post type-post status-publish format-standard has-post-thumbnail hentry category-noticies\">\n\t\t\t\t<a class=\"elementor-post__thumbnail__link\" href=\"https:\/\/dalmaumorros.com\/ca\/promocio-del-carrer-ulldecona-2-10\/\" tabindex=\"-1\" >\n\t\t\t<div class=\"elementor-post__thumbnail\"><img decoding=\"async\" width=\"800\" height=\"798\" src=\"https:\/\/dalmaumorros.com\/wp-content\/uploads\/186284244_10158602354569425_6795092231506543967_n-1024x1021.jpg\" class=\"attachment-large size-large wp-image-3172\" alt=\"Promoci\u00f3 del carrer Ulldecona 2-10\" srcset=\"https:\/\/dalmaumorros.com\/wp-content\/uploads\/186284244_10158602354569425_6795092231506543967_n-1024x1021.jpg 1024w, https:\/\/dalmaumorros.com\/wp-content\/uploads\/186284244_10158602354569425_6795092231506543967_n-300x300.jpg 300w, https:\/\/dalmaumorros.com\/wp-content\/uploads\/186284244_10158602354569425_6795092231506543967_n-150x150.jpg 150w, https:\/\/dalmaumorros.com\/wp-content\/uploads\/186284244_10158602354569425_6795092231506543967_n-768x766.jpg 768w, https:\/\/dalmaumorros.com\/wp-content\/uploads\/186284244_10158602354569425_6795092231506543967_n.jpg 1440w\" sizes=\"(max-width: 800px) 100vw, 800px\" \/><\/div>\n\t\t<\/a>\n\t\t\t\t<div class=\"elementor-post__text\">\n\t\t\t\t<h3 class=\"elementor-post__title\">\n\t\t\t<a href=\"https:\/\/dalmaumorros.com\/ca\/promocio-del-carrer-ulldecona-2-10\/\" >\n\t\t\t\tPromoci\u00f3 del carrer Ulldecona 2-10\t\t\t<\/a>\n\t\t<\/h3>\n\t\t\t\t<div class=\"elementor-post__meta-data\">\n\t\t\t\t\t<span class=\"elementor-post-date\">\n\t\t\t14\/05\/2021\t\t<\/span>\n\t\t\t\t<\/div>\n\t\t\t\t<div class=\"elementor-post__excerpt\">\n\t\t\t<p>Promoci\u00f3 del carrer Ulldecona 2-10 Primera pedra per part d&#8217;Ada Colau de la promoci\u00f3 del c\/ Ulldecona 2-10 d amb 72 pisos de lloguer, promoci\u00f3 de lMHAB de l&#8217;Ajuntament de Barcelona, projecte de Coll- Lecerq \/ Mias arquitectura amb D+M T\u00e8cnics com a Direcci\u00f3 d&#8217;Execuci\u00f3 d\u2019Obres,<\/p>\n\t\t<\/div>\n\t\t\t\t<\/div>\n\t\t\t\t<\/article>\n\t\t\t\t<article class=\"elementor-post elementor-grid-item post-3174 post type-post status-publish format-standard has-post-thumbnail hentry category-noticies\">\n\t\t\t\t<a class=\"elementor-post__thumbnail__link\" href=\"https:\/\/dalmaumorros.com\/ca\/premi-mapei-al-poliesportiu-del-turo-de-la-peira\/\" tabindex=\"-1\" >\n\t\t\t<div class=\"elementor-post__thumbnail\"><img decoding=\"async\" width=\"800\" height=\"1000\" src=\"https:\/\/dalmaumorros.com\/wp-content\/uploads\/103831570_10157821774989425_2313371228698669375_n-819x1024.jpg\" class=\"attachment-large size-large wp-image-3175\" alt=\"Poliesportiu del Tur\u00f3 de la Peira\" srcset=\"https:\/\/dalmaumorros.com\/wp-content\/uploads\/103831570_10157821774989425_2313371228698669375_n-819x1024.jpg 819w, https:\/\/dalmaumorros.com\/wp-content\/uploads\/103831570_10157821774989425_2313371228698669375_n-240x300.jpg 240w, https:\/\/dalmaumorros.com\/wp-content\/uploads\/103831570_10157821774989425_2313371228698669375_n-120x150.jpg 120w, https:\/\/dalmaumorros.com\/wp-content\/uploads\/103831570_10157821774989425_2313371228698669375_n-768x960.jpg 768w, https:\/\/dalmaumorros.com\/wp-content\/uploads\/103831570_10157821774989425_2313371228698669375_n-1229x1536.jpg 1229w, https:\/\/dalmaumorros.com\/wp-content\/uploads\/103831570_10157821774989425_2313371228698669375_n.jpg 1440w\" sizes=\"(max-width: 800px) 100vw, 800px\" \/><\/div>\n\t\t<\/a>\n\t\t\t\t<div class=\"elementor-post__text\">\n\t\t\t\t<h3 class=\"elementor-post__title\">\n\t\t\t<a href=\"https:\/\/dalmaumorros.com\/ca\/premi-mapei-al-poliesportiu-del-turo-de-la-peira\/\" >\n\t\t\t\tPremi Mapei al poliesportiu del Tur\u00f3 de la Peira\t\t\t<\/a>\n\t\t<\/h3>\n\t\t\t\t<div class=\"elementor-post__meta-data\">\n\t\t\t\t\t<span class=\"elementor-post-date\">\n\t\t\t18\/06\/2020\t\t<\/span>\n\t\t\t\t<\/div>\n\t\t\t\t<div class=\"elementor-post__excerpt\">\n\t\t\t<p>Premi Mapei al poliesportiu del Tur\u00f3 de la Peira L&#8217;obra del poliesportiu del Tur\u00f3 de la Peira, amb D+M\u00a0TECNICS\u00a0com a Direcci\u00f3 d&#8217;Execuci\u00f3 d&#8217;Obres, guanya el Premi\u00a0Mapei\u00a0a millor Arquitectura Sostenible\u00a02019.<\/p>\n\t\t<\/div>\n\t\t\t\t<\/div>\n\t\t\t\t<\/article>\n\t\t\t\t<article class=\"elementor-post elementor-grid-item post-3178 post type-post status-publish format-standard has-post-thumbnail hentry category-noticies\">\n\t\t\t\t<a class=\"elementor-post__thumbnail__link\" href=\"https:\/\/dalmaumorros.com\/ca\/premis-ciutat-de-barcelona19\/\" tabindex=\"-1\" >\n\t\t\t<div class=\"elementor-post__thumbnail\"><img loading=\"lazy\" decoding=\"async\" width=\"800\" height=\"450\" src=\"https:\/\/dalmaumorros.com\/wp-content\/uploads\/74786447_10157166144444425_7176008564765360128_n.jpg\" class=\"attachment-large size-large wp-image-3182\" alt=\"\" srcset=\"https:\/\/dalmaumorros.com\/wp-content\/uploads\/74786447_10157166144444425_7176008564765360128_n.jpg 960w, https:\/\/dalmaumorros.com\/wp-content\/uploads\/74786447_10157166144444425_7176008564765360128_n-300x169.jpg 300w, https:\/\/dalmaumorros.com\/wp-content\/uploads\/74786447_10157166144444425_7176008564765360128_n-150x84.jpg 150w, https:\/\/dalmaumorros.com\/wp-content\/uploads\/74786447_10157166144444425_7176008564765360128_n-768x432.jpg 768w\" sizes=\"(max-width: 800px) 100vw, 800px\" \/><\/div>\n\t\t<\/a>\n\t\t\t\t<div class=\"elementor-post__text\">\n\t\t\t\t<h3 class=\"elementor-post__title\">\n\t\t\t<a href=\"https:\/\/dalmaumorros.com\/ca\/premis-ciutat-de-barcelona19\/\" >\n\t\t\t\tPremis Ciutat de Barcelona&#8217;19\t\t\t<\/a>\n\t\t<\/h3>\n\t\t\t\t<div class=\"elementor-post__meta-data\">\n\t\t\t\t\t<span class=\"elementor-post-date\">\n\t\t\t29\/01\/2020\t\t<\/span>\n\t\t\t\t<\/div>\n\t\t\t\t<div class=\"elementor-post__excerpt\">\n\t\t\t<p>Premis Ciutat de Barcelona\u201919 Aquest mat\u00ed s&#8217;ha fet p\u00fablica la nota de premsa del Premis Ciutat de Barcelona&#8217;19. El premi d\u2019arquitectura i urbanisme s\u2019ha otorgat a Anna Noguera i Javier Fern\u00e1ndez pel Centre Esportiu Municipal del Tur\u00f3 de la Peira amb D+M T\u00e8cnics com a Direcci\u00f3 d\u2019Execuci\u00f3 d\u2019Obres.<\/p>\n\t\t<\/div>\n\t\t\t\t<\/div>\n\t\t\t\t<\/article>\n\t\t\t\t<\/div>\n\t\t\n\t\t\t\t\t\t<\/div>\n\t\t\t\t<\/div>\n\t\t\t\t\t<\/div>\n\t\t<\/div>\n\t\t\t\t\t<\/div>\n\t\t<\/section>\n\t\t\t\t<\/div>\n\t\t","protected":false},"excerpt":{"rendered":"","protected":false},"author":1,"featured_media":0,"parent":0,"menu_order":0,"comment_status":"closed","ping_status":"closed","template":"elementor_header_footer","meta":{"_acf_changed":false,"footnotes":""},"class_list":["post-15","page","type-page","status-publish","hentry"],"acf":[],"yoast_head":"<!-- This site is optimized with the Yoast SEO plugin v26.8 - https:\/\/yoast.com\/product\/yoast-seo-wordpress\/ -->\n<title>Not\u00edcies - Dalmau Morros<\/title>\n<meta name=\"robots\" content=\"index, follow, max-snippet:-1, max-image-preview:large, max-video-preview:-1\" \/>\n<link rel=\"canonical\" href=\"https:\/\/dalmaumorros.com\/ca\/noticies\/\" \/>\n<meta property=\"og:locale\" content=\"ca_ES\" \/>\n<meta property=\"og:type\" content=\"article\" \/>\n<meta property=\"og:title\" content=\"Not\u00edcies - Dalmau Morros\" \/>\n<meta property=\"og:url\" content=\"https:\/\/dalmaumorros.com\/ca\/noticies\/\" \/>\n<meta property=\"og:site_name\" content=\"Dalmau Morros\" \/>\n<meta property=\"article:publisher\" content=\"https:\/\/www.facebook.com\/DALMAU-MORROS-TECNICS-89632419424\" \/>\n<meta property=\"article:modified_time\" content=\"2021-05-08T15:24:25+00:00\" \/>\n<meta property=\"og:image\" content=\"https:\/\/dalmaumorros.com\/wp-content\/uploads\/DM.LOGONEGRO-1.png\" \/>\n\t<meta property=\"og:image:width\" content=\"211\" \/>\n\t<meta property=\"og:image:height\" content=\"80\" \/>\n\t<meta property=\"og:image:type\" content=\"image\/png\" \/>\n<meta name=\"twitter:card\" content=\"summary_large_image\" \/>\n<script type=\"application\/ld+json\" class=\"yoast-schema-graph\">{\"@context\":\"https:\/\/schema.org\",\"@graph\":[{\"@type\":\"WebPage\",\"@id\":\"https:\/\/dalmaumorros.com\/ca\/noticies\/\",\"url\":\"https:\/\/dalmaumorros.com\/ca\/noticies\/\",\"name\":\"Not\u00edcies - Dalmau Morros\",\"isPartOf\":{\"@id\":\"https:\/\/dalmaumorros.com\/ca\/#website\"},\"datePublished\":\"2021-02-18T08:52:20+00:00\",\"dateModified\":\"2021-05-08T15:24:25+00:00\",\"breadcrumb\":{\"@id\":\"https:\/\/dalmaumorros.com\/ca\/noticies\/#breadcrumb\"},\"inLanguage\":\"ca\",\"potentialAction\":[{\"@type\":\"ReadAction\",\"target\":[\"https:\/\/dalmaumorros.com\/ca\/noticies\/\"]}]},{\"@type\":\"BreadcrumbList\",\"@id\":\"https:\/\/dalmaumorros.com\/ca\/noticies\/#breadcrumb\",\"itemListElement\":[{\"@type\":\"ListItem\",\"position\":1,\"name\":\"Inici\",\"item\":\"https:\/\/dalmaumorros.com\/ca\/\"},{\"@type\":\"ListItem\",\"position\":2,\"name\":\"Not\u00edcies\"}]},{\"@type\":\"WebSite\",\"@id\":\"https:\/\/dalmaumorros.com\/ca\/#website\",\"url\":\"https:\/\/dalmaumorros.com\/ca\/\",\"name\":\"Dalmau Morros\",\"description\":\"Gesti\u00f3 i direcci\u00f3 d&#039;obres\",\"publisher\":{\"@id\":\"https:\/\/dalmaumorros.com\/ca\/#organization\"},\"potentialAction\":[{\"@type\":\"SearchAction\",\"target\":{\"@type\":\"EntryPoint\",\"urlTemplate\":\"https:\/\/dalmaumorros.com\/ca\/?s={search_term_string}\"},\"query-input\":{\"@type\":\"PropertyValueSpecification\",\"valueRequired\":true,\"valueName\":\"search_term_string\"}}],\"inLanguage\":\"ca\"},{\"@type\":\"Organization\",\"@id\":\"https:\/\/dalmaumorros.com\/ca\/#organization\",\"name\":\"Dalmau Morros T\u00e8cnics\",\"url\":\"https:\/\/dalmaumorros.com\/ca\/\",\"logo\":{\"@type\":\"ImageObject\",\"inLanguage\":\"ca\",\"@id\":\"https:\/\/dalmaumorros.com\/ca\/#\/schema\/logo\/image\/\",\"url\":\"https:\/\/dalmaumorros.com\/wp-content\/uploads\/DM.LOGONEGRO-1.png\",\"contentUrl\":\"https:\/\/dalmaumorros.com\/wp-content\/uploads\/DM.LOGONEGRO-1.png\",\"width\":211,\"height\":80,\"caption\":\"Dalmau Morros T\u00e8cnics\"},\"image\":{\"@id\":\"https:\/\/dalmaumorros.com\/ca\/#\/schema\/logo\/image\/\"},\"sameAs\":[\"https:\/\/www.facebook.com\/DALMAU-MORROS-TECNICS-89632419424\",\"https:\/\/www.instagram.com\/dmtecnics\/\"]}]}<\/script>\n<!-- \/ Yoast SEO plugin. -->","yoast_head_json":{"title":"Not\u00edcies - Dalmau Morros","robots":{"index":"index","follow":"follow","max-snippet":"max-snippet:-1","max-image-preview":"max-image-preview:large","max-video-preview":"max-video-preview:-1"},"canonical":"https:\/\/dalmaumorros.com\/ca\/noticies\/","og_locale":"ca_ES","og_type":"article","og_title":"Not\u00edcies - Dalmau Morros","og_url":"https:\/\/dalmaumorros.com\/ca\/noticies\/","og_site_name":"Dalmau Morros","article_publisher":"https:\/\/www.facebook.com\/DALMAU-MORROS-TECNICS-89632419424","article_modified_time":"2021-05-08T15:24:25+00:00","og_image":[{"width":211,"height":80,"url":"https:\/\/dalmaumorros.com\/wp-content\/uploads\/DM.LOGONEGRO-1.png","type":"image\/png"}],"twitter_card":"summary_large_image","schema":{"@context":"https:\/\/schema.org","@graph":[{"@type":"WebPage","@id":"https:\/\/dalmaumorros.com\/ca\/noticies\/","url":"https:\/\/dalmaumorros.com\/ca\/noticies\/","name":"Not\u00edcies - Dalmau Morros","isPartOf":{"@id":"https:\/\/dalmaumorros.com\/ca\/#website"},"datePublished":"2021-02-18T08:52:20+00:00","dateModified":"2021-05-08T15:24:25+00:00","breadcrumb":{"@id":"https:\/\/dalmaumorros.com\/ca\/noticies\/#breadcrumb"},"inLanguage":"ca","potentialAction":[{"@type":"ReadAction","target":["https:\/\/dalmaumorros.com\/ca\/noticies\/"]}]},{"@type":"BreadcrumbList","@id":"https:\/\/dalmaumorros.com\/ca\/noticies\/#breadcrumb","itemListElement":[{"@type":"ListItem","position":1,"name":"Inici","item":"https:\/\/dalmaumorros.com\/ca\/"},{"@type":"ListItem","position":2,"name":"Not\u00edcies"}]},{"@type":"WebSite","@id":"https:\/\/dalmaumorros.com\/ca\/#website","url":"https:\/\/dalmaumorros.com\/ca\/","name":"Dalmau Morros","description":"Gesti\u00f3 i direcci\u00f3 d&#039;obres","publisher":{"@id":"https:\/\/dalmaumorros.com\/ca\/#organization"},"potentialAction":[{"@type":"SearchAction","target":{"@type":"EntryPoint","urlTemplate":"https:\/\/dalmaumorros.com\/ca\/?s={search_term_string}"},"query-input":{"@type":"PropertyValueSpecification","valueRequired":true,"valueName":"search_term_string"}}],"inLanguage":"ca"},{"@type":"Organization","@id":"https:\/\/dalmaumorros.com\/ca\/#organization","name":"Dalmau Morros T\u00e8cnics","url":"https:\/\/dalmaumorros.com\/ca\/","logo":{"@type":"ImageObject","inLanguage":"ca","@id":"https:\/\/dalmaumorros.com\/ca\/#\/schema\/logo\/image\/","url":"https:\/\/dalmaumorros.com\/wp-content\/uploads\/DM.LOGONEGRO-1.png","contentUrl":"https:\/\/dalmaumorros.com\/wp-content\/uploads\/DM.LOGONEGRO-1.png","width":211,"height":80,"caption":"Dalmau Morros T\u00e8cnics"},"image":{"@id":"https:\/\/dalmaumorros.com\/ca\/#\/schema\/logo\/image\/"},"sameAs":["https:\/\/www.facebook.com\/DALMAU-MORROS-TECNICS-89632419424","https:\/\/www.instagram.com\/dmtecnics\/"]}]}},"_links":{"self":[{"href":"https:\/\/dalmaumorros.com\/ca\/wp-json\/wp\/v2\/pages\/15","targetHints":{"allow":["GET"]}}],"collection":[{"href":"https:\/\/dalmaumorros.com\/ca\/wp-json\/wp\/v2\/pages"}],"about":[{"href":"https:\/\/dalmaumorros.com\/ca\/wp-json\/wp\/v2\/types\/page"}],"author":[{"embeddable":true,"href":"https:\/\/dalmaumorros.com\/ca\/wp-json\/wp\/v2\/users\/1"}],"replies":[{"embeddable":true,"href":"https:\/\/dalmaumorros.com\/ca\/wp-json\/wp\/v2\/comments?post=15"}],"version-history":[{"count":76,"href":"https:\/\/dalmaumorros.com\/ca\/wp-json\/wp\/v2\/pages\/15\/revisions"}],"predecessor-version":[{"id":1466,"href":"https:\/\/dalmaumorros.com\/ca\/wp-json\/wp\/v2\/pages\/15\/revisions\/1466"}],"wp:attachment":[{"href":"https:\/\/dalmaumorros.com\/ca\/wp-json\/wp\/v2\/media?parent=15"}],"curies":[{"name":"wp","href":"https:\/\/api.w.org\/{rel}","templated":true}]}}